{"id":860,"date":"2026-02-23T08:03:31","date_gmt":"2026-02-23T07:03:31","guid":{"rendered":"https:\/\/muzeum.stalowawola.pl\/sklep\/?post_type=product&#038;p=860"},"modified":"2026-03-20T12:08:29","modified_gmt":"2026-03-20T11:08:29","slug":"sylloge-nummorum-rosvadoviensis","status":"publish","type":"product","link":"https:\/\/muzeum.stalowawola.pl\/sklep\/produkt\/sylloge-nummorum-rosvadoviensis\/","title":{"rendered":"SYLLOGE NUMMORUM ROSVADOVIENSIS. Mennictwo dominialne okolic Rozwadowa na tle dziej\u00f3w pieni\u0105dza"},"content":{"rendered":"<p>Ksi\u0105\u017cka Wojciecha K. Og\u00f3rka pt. \u201eSYLLOGE NUMMORUM ROSVADOVIENSIS. Mennictwo dominialne okolic Rozwadowa na tle dziej\u00f3w pieni\u0105dza\u201d wydana jest pod honorowym patronatem Fundacji Ksi\u0105\u017c\u0105t Lubomirskich.<\/p>\n<p>&nbsp;<\/p>\n<p>Publikacja porusza zagadnienie niemal nieznane i niezwykle rzadko podejmowane w literaturze, przybli\u017caj\u0105c unikatowe zjawisko mennictwa dominialnego, funkcjonuj\u0105cego w XIX wieku w okolicach Rozwadowa \u2013 dzisiejszego osiedla Stalowej Woli. Monety dominialne ksi\u0105\u017c\u0105t Lubomirskich, zwi\u0105zanych z regionem przez ponad dwa wieki, stanowi\u0105 ewenement na skal\u0119 krajow\u0105, \u015bwiadcz\u0105c o wyj\u0105tkowej roli tego rodu w dziejach gospodarki i pieni\u0105dza.<\/p>\n<p>&nbsp;<\/p>\n<p>W celu lepszego zrozumienia tematu, aby wprowadzi\u0107 czytelnik\u00f3w w szerszy kontekst historii pieni\u0105dza, w publikacji zestawiono monety dominialne Lubomirskich z Charzewic z pocz\u0105tkami monety na \u015bwiecie oraz z jej histori\u0105 na ziemiach polskich do po\u0142owy XIX wieku.<\/p>\n<p>&nbsp;<\/p>\n<p>Publikacja Wojciecha K. Og\u00f3rka stanowi nie tylko cenne opracowanie numizmatyczne, lecz tak\u017ce wa\u017cny g\u0142os w badaniach nad lokaln\u0105 histori\u0105 i dziedzictwem kulturowym.<\/p>\n<p>&nbsp;<\/p>\n<p>Wydanie publikacji wsparli finansowo:<\/p>\n<p>Miasto Stalowa Wola<\/p>\n<p>Powiat Stalowowolski<\/p>\n<p>Gmina Pysznica<\/p>\n<p>SANBank Nadsa\u0144ski Bank Sp\u00f3\u0142dzielczy<\/p>\n<p>Volkswagen Autorud Stalowa Wola<\/p>\n","protected":false},"excerpt":{"rendered":"<p>Ksi\u0105\u017cka Wojciecha K. Og\u00f3rka pt. \u201eSYLLOGE NUMMORUM ROSVADOVIENSIS. Mennictwo dominialne okolic Rozwadowa na tle dziej\u00f3w pieni\u0105dza\u201d wydana jest pod honorowym [&hellip;]<\/p>\n","protected":false},"featured_media":861,"comment_status":"closed","ping_status":"closed","template":"","meta":{"site-sidebar-layout":"default","site-content-layout":"","ast-site-content-layout":"default","site-content-style":"default","site-sidebar-style":"default","ast-global-header-display":"","ast-banner-title-visibility":"","ast-main-header-display":"","ast-hfb-above-header-display":"","ast-hfb-below-header-display":"","ast-hfb-mobile-header-display":"","site-post-title":"","ast-breadcrumbs-content":"","ast-featured-img":"","footer-sml-layout":"","ast-disable-related-posts":"","theme-transparent-header-meta":"default","adv-header-id-meta":"","stick-header-meta":"","header-above-stick-meta":"","header-main-stick-meta":"","header-below-stick-meta":"","astra-migrate-meta-layouts":"set","ast-page-background-enabled":"default","ast-page-background-meta":{"desktop":{"background-color":"var(--ast-global-color-4)","background-image":"","background-repeat":"repeat","background-position":"center center","background-size":"auto","background-attachment":"scroll","background-type":"","background-media":"","overlay-type":"","overlay-color":"","overlay-opacity":"","overlay-gradient":""},"tablet":{"background-color":"","background-image":"","background-repeat":"repeat","background-position":"center center","background-size":"auto","background-attachment":"scroll","background-type":"","background-media":"","overlay-type":"","overlay-color":"","overlay-opacity":"","overlay-gradient":""},"mobile":{"background-color":"","background-image":"","background-repeat":"repeat","background-position":"center center","background-size":"auto","background-attachment":"scroll","background-type":"","background-media":"","overlay-type":"","overlay-color":"","overlay-opacity":"","overlay-gradient":""}},"ast-content-background-meta":{"desktop":{"background-color":"var(--ast-global-color-5)","background-image":"","background-repeat":"repeat","background-position":"center center","background-size":"auto","background-attachment":"scroll","background-type":"","background-media":"","overlay-type":"","overlay-color":"","overlay-opacity":"","overlay-gradient":""},"tablet":{"background-color":"var(--ast-global-color-5)","background-image":"","background-repeat":"repeat","background-position":"center center","background-size":"auto","background-attachment":"scroll","background-type":"","background-media":"","overlay-type":"","overlay-color":"","overlay-opacity":"","overlay-gradient":""},"mobile":{"background-color":"var(--ast-global-color-5)","background-image":"","background-repeat":"repeat","background-position":"center center","background-size":"auto","background-attachment":"scroll","background-type":"","background-media":"","overlay-type":"","overlay-color":"","overlay-opacity":"","overlay-gradient":""}}},"product_brand":[],"product_cat":[15,77,75],"product_tag":[145],"class_list":{"0":"post-860","1":"product","2":"type-product","3":"status-publish","4":"has-post-thumbnail","6":"product_cat-wydawnictwa","7":"product_cat-historia-pl","8":"product_cat-stalowa-wola-pl","9":"product_tag-nowosc","10":"desktop-align-left","11":"tablet-align-left","12":"mobile-align-left","13":"ast-product-gallery-layout-horizontal-slider","14":"ast-product-gallery-with-no-image","15":"ast-product-tabs-layout-horizontal","17":"first","18":"instock","19":"shipping-taxable","20":"purchasable","21":"product-type-simple"},"_links":{"self":[{"href":"https:\/\/muzeum.stalowawola.pl\/sklep\/wp-json\/wp\/v2\/product\/860","targetHints":{"allow":["GET"]}}],"collection":[{"href":"https:\/\/muzeum.stalowawola.pl\/sklep\/wp-json\/wp\/v2\/product"}],"about":[{"href":"https:\/\/muzeum.stalowawola.pl\/sklep\/wp-json\/wp\/v2\/types\/product"}],"replies":[{"embeddable":true,"href":"https:\/\/muzeum.stalowawola.pl\/sklep\/wp-json\/wp\/v2\/comments?post=860"}],"wp:featuredmedia":[{"embeddable":true,"href":"https:\/\/muzeum.stalowawola.pl\/sklep\/wp-json\/wp\/v2\/media\/861"}],"wp:attachment":[{"href":"https:\/\/muzeum.stalowawola.pl\/sklep\/wp-json\/wp\/v2\/media?parent=860"}],"wp:term":[{"taxonomy":"product_brand","embeddable":true,"href":"https:\/\/muzeum.stalowawola.pl\/sklep\/wp-json\/wp\/v2\/product_brand?post=860"},{"taxonomy":"product_cat","embeddable":true,"href":"https:\/\/muzeum.stalowawola.pl\/sklep\/wp-json\/wp\/v2\/product_cat?post=860"},{"taxonomy":"product_tag","embeddable":true,"href":"https:\/\/muzeum.stalowawola.pl\/sklep\/wp-json\/wp\/v2\/product_tag?post=860"}],"curies":[{"name":"wp","href":"https:\/\/api.w.org\/{rel}","templated":true}]}}