{"id":619,"date":"2025-03-25T09:32:24","date_gmt":"2025-03-25T08:32:24","guid":{"rendered":"https:\/\/muzeum.stalowawola.pl\/sklep\/?post_type=product&#038;p=619"},"modified":"2026-02-25T14:47:13","modified_gmt":"2026-02-25T13:47:13","slug":"w-cieniu-nazistowskiej-flagi","status":"publish","type":"product","link":"https:\/\/muzeum.stalowawola.pl\/sklep\/produkt\/w-cieniu-nazistowskiej-flagi\/","title":{"rendered":"W cieniu nazistowskiej flagi"},"content":{"rendered":"<p style=\"text-align: left;\">Album to efekt wsp\u00f3\u0142pracy Muzeum Regionalnego w Stalowej Woli z kolekcjonerem i pasjonatem Karolem Karbarzem. Publikacja powsta\u0142a dzi\u0119ki finansowemu wsparciu Miasta Stalowej Woli. Znajdziemy w niej ponad 400 archiwalnych zdj\u0119\u0107 i dokument\u00f3w, z czego zdecydowana wi\u0119kszo\u015b\u0107 nie by\u0142a dot\u0105d publikowana. Autorzy przyj\u0119li szerok\u0105 perspektyw\u0119 \u2013 album zawiera ogrom cennego materia\u0142u dla badaczy historii regionu i naszego miasta, ale tak\u017ce dla mieszka\u0144c\u00f3w zainteresowanych dziejami Stalowej Woli. Zamieszczone zdj\u0119cia i dokumenty opatrzono komentarzami, kt\u00f3re wprowadzaj\u0105 czytelnika w kontekst II wojny \u015bwiatowej. Zdj\u0119cia i dokumenty o r\u00f3\u017cnym charakterze, mi\u0119dzy innymi kenkarty, afisze, legitymacje, pisma urz\u0119dowe, a nawet odr\u0119czne notatki, u\u0142o\u017cono tematycznie. Zapisane zosta\u0142o na nich zwyczajne, codzienne \u017cycie, praca mieszka\u0144c\u00f3w Charzewic, P\u0142awa, Rozwadowa i Stalowej Woli.<\/p>\n","protected":false},"excerpt":{"rendered":"<p>Album to efekt wsp\u00f3\u0142pracy Muzeum Regionalnego w Stalowej Woli z kolekcjonerem i pasjonatem Karolem Karbarzem. Publikacja powsta\u0142a dzi\u0119ki finansowemu wsparciu [&hellip;]<\/p>\n","protected":false},"featured_media":745,"comment_status":"closed","ping_status":"closed","template":"","meta":{"site-sidebar-layout":"default","site-content-layout":"","ast-site-content-layout":"default","site-content-style":"default","site-sidebar-style":"default","ast-global-header-display":"","ast-banner-title-visibility":"","ast-main-header-display":"","ast-hfb-above-header-display":"","ast-hfb-below-header-display":"","ast-hfb-mobile-header-display":"","site-post-title":"","ast-breadcrumbs-content":"","ast-featured-img":"","footer-sml-layout":"","ast-disable-related-posts":"","theme-transparent-header-meta":"default","adv-header-id-meta":"","stick-header-meta":"","header-above-stick-meta":"","header-main-stick-meta":"","header-below-stick-meta":"","astra-migrate-meta-layouts":"set","ast-page-background-enabled":"default","ast-page-background-meta":{"desktop":{"background-color":"var(--ast-global-color-4)","background-image":"","background-repeat":"repeat","background-position":"center center","background-size":"auto","background-attachment":"scroll","background-type":"","background-media":"","overlay-type":"","overlay-color":"","overlay-opacity":"","overlay-gradient":""},"tablet":{"background-color":"","background-image":"","background-repeat":"repeat","background-position":"center center","background-size":"auto","background-attachment":"scroll","background-type":"","background-media":"","overlay-type":"","overlay-color":"","overlay-opacity":"","overlay-gradient":""},"mobile":{"background-color":"","background-image":"","background-repeat":"repeat","background-position":"center center","background-size":"auto","background-attachment":"scroll","background-type":"","background-media":"","overlay-type":"","overlay-color":"","overlay-opacity":"","overlay-gradient":""}},"ast-content-background-meta":{"desktop":{"background-color":"var(--ast-global-color-5)","background-image":"","background-repeat":"repeat","background-position":"center center","background-size":"auto","background-attachment":"scroll","background-type":"","background-media":"","overlay-type":"","overlay-color":"","overlay-opacity":"","overlay-gradient":""},"tablet":{"background-color":"var(--ast-global-color-5)","background-image":"","background-repeat":"repeat","background-position":"center center","background-size":"auto","background-attachment":"scroll","background-type":"","background-media":"","overlay-type":"","overlay-color":"","overlay-opacity":"","overlay-gradient":""},"mobile":{"background-color":"var(--ast-global-color-5)","background-image":"","background-repeat":"repeat","background-position":"center center","background-size":"auto","background-attachment":"scroll","background-type":"","background-media":"","overlay-type":"","overlay-color":"","overlay-opacity":"","overlay-gradient":""}}},"product_brand":[],"product_cat":[15,77,75],"product_tag":[],"class_list":{"0":"post-619","1":"product","2":"type-product","3":"status-publish","4":"has-post-thumbnail","6":"product_cat-wydawnictwa","7":"product_cat-historia-pl","8":"product_cat-stalowa-wola-pl","9":"desktop-align-left","10":"tablet-align-left","11":"mobile-align-left","12":"ast-product-gallery-layout-horizontal-slider","13":"ast-product-gallery-with-no-image","14":"ast-product-tabs-layout-horizontal","16":"first","17":"instock","18":"shipping-taxable","19":"purchasable","20":"product-type-simple"},"_links":{"self":[{"href":"https:\/\/muzeum.stalowawola.pl\/sklep\/wp-json\/wp\/v2\/product\/619","targetHints":{"allow":["GET"]}}],"collection":[{"href":"https:\/\/muzeum.stalowawola.pl\/sklep\/wp-json\/wp\/v2\/product"}],"about":[{"href":"https:\/\/muzeum.stalowawola.pl\/sklep\/wp-json\/wp\/v2\/types\/product"}],"replies":[{"embeddable":true,"href":"https:\/\/muzeum.stalowawola.pl\/sklep\/wp-json\/wp\/v2\/comments?post=619"}],"wp:featuredmedia":[{"embeddable":true,"href":"https:\/\/muzeum.stalowawola.pl\/sklep\/wp-json\/wp\/v2\/media\/745"}],"wp:attachment":[{"href":"https:\/\/muzeum.stalowawola.pl\/sklep\/wp-json\/wp\/v2\/media?parent=619"}],"wp:term":[{"taxonomy":"product_brand","embeddable":true,"href":"https:\/\/muzeum.stalowawola.pl\/sklep\/wp-json\/wp\/v2\/product_brand?post=619"},{"taxonomy":"product_cat","embeddable":true,"href":"https:\/\/muzeum.stalowawola.pl\/sklep\/wp-json\/wp\/v2\/product_cat?post=619"},{"taxonomy":"product_tag","embeddable":true,"href":"https:\/\/muzeum.stalowawola.pl\/sklep\/wp-json\/wp\/v2\/product_tag?post=619"}],"curies":[{"name":"wp","href":"https:\/\/api.w.org\/{rel}","templated":true}]}}