{"id":550,"date":"2025-01-14T10:03:55","date_gmt":"2025-01-14T09:03:55","guid":{"rendered":"https:\/\/muzeum.stalowawola.pl\/sklep\/?post_type=product&#038;p=550"},"modified":"2025-12-05T13:14:05","modified_gmt":"2025-12-05T12:14:05","slug":"z-przeszlosci-miasta-rozwadowa","status":"publish","type":"product","link":"https:\/\/muzeum.stalowawola.pl\/sklep\/produkt\/z-przeszlosci-miasta-rozwadowa\/","title":{"rendered":"Z przesz\u0142o\u015bci miasta Rozwadowa"},"content":{"rendered":"<div>Zbi\u00f3r artyku\u0142\u00f3w z r\u00f3\u017cnych dziedzin: archeologii, bibliografii, historii, geografii, j\u0119zykoznawstwa, historii sztuki, kt\u00f3rych tematyka obraca si\u0119 wok\u00f3\u0142 Rozwadowa. Ksi\u0105\u017cka dedykowana ks. prof. Wilhelmowi Gajowi-Piotrowskiemu w 90. rocznic\u0119 urodzin.<\/div>\n<div>Format 24&#215;16,5cm, ss.184, oprawa twarda<\/div>\n<div><\/div>\n<div><u>Spis tre\u015bci<\/u><\/div>\n<div>ks. Bogdan Stanaszek, W\u0105tki rozwadowskie w dorobku naukowym ks. doc. dra hab. Wilhelma Gaja-Piotrowskiego<\/div>\n<div>Andrzej Cio\u0142kosz, Rozwad\u00f3w na dawnych mapach i wsp\u00f3\u0142czesnych zdj\u0119ciach satelitarnych<\/div>\n<div>Janusz M. Paluch, Przyczynek do historii bada\u0144 archeologicznych w Rozwadowie i okolicach<\/div>\n<div>Marek Wiatrowicz, W\u0142\u00f3cznia Wandal\u00f3w. Fenomen rozwadowskiego znaleziska na tle dziej\u00f3w historycznych<\/div>\n<div>Piotr Garbacz \u2013]krlus. Jak rozumie\u0107 napis na grocie rozwadowskiej w\u0142\u00f3czni?<\/div>\n<div>Kazimierz Ja\u0144czyk, Z dziej\u00f3w gospodarczych Rozwadowa i Charzewic w XVII-XX w.<\/div>\n<div>Aneta Garanty, Komunikat: Rozwad\u00f3w \u2013 miasto i jego samorz\u0105d na prze\u0142omie XIX i XX w.<\/div>\n<div>Kazimierz Kuczman, J\u0119drzej Brydak \u2013 krakowski tw\u00f3rca z Charzewic, Wst\u0119p do biografii<\/div>\n<div>Marek Sta\u0144kowski, Architektura sakralna Rozwadowa<\/div>\n<div>Janusz Ogi\u0144ski, Roman Zieli\u0144ski \u2013 rysownik dokumentalista Rozwadowa i jego okolicy<\/div>\n<div><\/div>\n","protected":false},"excerpt":{"rendered":"<p>Zbi\u00f3r artyku\u0142\u00f3w z r\u00f3\u017cnych dziedzin: archeologii, bibliografii, historii, geografii, j\u0119zykoznawstwa, historii sztuki, kt\u00f3rych tematyka obraca si\u0119 wok\u00f3\u0142 Rozwadowa. Ksi\u0105\u017cka dedykowana [&hellip;]<\/p>\n","protected":false},"featured_media":796,"comment_status":"closed","ping_status":"closed","template":"","meta":{"site-sidebar-layout":"default","site-content-layout":"","ast-site-content-layout":"default","site-content-style":"default","site-sidebar-style":"default","ast-global-header-display":"","ast-banner-title-visibility":"","ast-main-header-display":"","ast-hfb-above-header-display":"","ast-hfb-below-header-display":"","ast-hfb-mobile-header-display":"","site-post-title":"","ast-breadcrumbs-content":"","ast-featured-img":"","footer-sml-layout":"","ast-disable-related-posts":"","theme-transparent-header-meta":"default","adv-header-id-meta":"","stick-header-meta":"","header-above-stick-meta":"","header-main-stick-meta":"","header-below-stick-meta":"","astra-migrate-meta-layouts":"set","ast-page-background-enabled":"default","ast-page-background-meta":{"desktop":{"background-color":"var(--ast-global-color-4)","background-image":"","background-repeat":"repeat","background-position":"center center","background-size":"auto","background-attachment":"scroll","background-type":"","background-media":"","overlay-type":"","overlay-color":"","overlay-opacity":"","overlay-gradient":""},"tablet":{"background-color":"","background-image":"","background-repeat":"repeat","background-position":"center center","background-size":"auto","background-attachment":"scroll","background-type":"","background-media":"","overlay-type":"","overlay-color":"","overlay-opacity":"","overlay-gradient":""},"mobile":{"background-color":"","background-image":"","background-repeat":"repeat","background-position":"center center","background-size":"auto","background-attachment":"scroll","background-type":"","background-media":"","overlay-type":"","overlay-color":"","overlay-opacity":"","overlay-gradient":""}},"ast-content-background-meta":{"desktop":{"background-color":"var(--ast-global-color-5)","background-image":"","background-repeat":"repeat","background-position":"center center","background-size":"auto","background-attachment":"scroll","background-type":"","background-media":"","overlay-type":"","overlay-color":"","overlay-opacity":"","overlay-gradient":""},"tablet":{"background-color":"var(--ast-global-color-5)","background-image":"","background-repeat":"repeat","background-position":"center center","background-size":"auto","background-attachment":"scroll","background-type":"","background-media":"","overlay-type":"","overlay-color":"","overlay-opacity":"","overlay-gradient":""},"mobile":{"background-color":"var(--ast-global-color-5)","background-image":"","background-repeat":"repeat","background-position":"center center","background-size":"auto","background-attachment":"scroll","background-type":"","background-media":"","overlay-type":"","overlay-color":"","overlay-opacity":"","overlay-gradient":""}}},"product_brand":[],"product_cat":[15,77],"product_tag":[],"class_list":{"0":"post-550","1":"product","2":"type-product","3":"status-publish","4":"has-post-thumbnail","6":"product_cat-wydawnictwa","7":"product_cat-historia-pl","8":"desktop-align-left","9":"tablet-align-left","10":"mobile-align-left","11":"ast-product-gallery-layout-horizontal-slider","12":"ast-product-gallery-with-no-image","13":"ast-product-tabs-layout-horizontal","15":"first","16":"instock","17":"shipping-taxable","18":"purchasable","19":"product-type-simple"},"_links":{"self":[{"href":"https:\/\/muzeum.stalowawola.pl\/sklep\/wp-json\/wp\/v2\/product\/550","targetHints":{"allow":["GET"]}}],"collection":[{"href":"https:\/\/muzeum.stalowawola.pl\/sklep\/wp-json\/wp\/v2\/product"}],"about":[{"href":"https:\/\/muzeum.stalowawola.pl\/sklep\/wp-json\/wp\/v2\/types\/product"}],"replies":[{"embeddable":true,"href":"https:\/\/muzeum.stalowawola.pl\/sklep\/wp-json\/wp\/v2\/comments?post=550"}],"wp:featuredmedia":[{"embeddable":true,"href":"https:\/\/muzeum.stalowawola.pl\/sklep\/wp-json\/wp\/v2\/media\/796"}],"wp:attachment":[{"href":"https:\/\/muzeum.stalowawola.pl\/sklep\/wp-json\/wp\/v2\/media?parent=550"}],"wp:term":[{"taxonomy":"product_brand","embeddable":true,"href":"https:\/\/muzeum.stalowawola.pl\/sklep\/wp-json\/wp\/v2\/product_brand?post=550"},{"taxonomy":"product_cat","embeddable":true,"href":"https:\/\/muzeum.stalowawola.pl\/sklep\/wp-json\/wp\/v2\/product_cat?post=550"},{"taxonomy":"product_tag","embeddable":true,"href":"https:\/\/muzeum.stalowawola.pl\/sklep\/wp-json\/wp\/v2\/product_tag?post=550"}],"curies":[{"name":"wp","href":"https:\/\/api.w.org\/{rel}","templated":true}]}}