{"id":546,"date":"2025-01-13T14:27:18","date_gmt":"2025-01-13T13:27:18","guid":{"rendered":"https:\/\/muzeum.stalowawola.pl\/sklep\/?post_type=product&#038;p=546"},"modified":"2026-02-09T08:05:45","modified_gmt":"2026-02-09T07:05:45","slug":"wyspianski-anna-krol","status":"publish","type":"product","link":"https:\/\/muzeum.stalowawola.pl\/sklep\/produkt\/wyspianski-anna-krol\/","title":{"rendered":"Wyspia\u0144ski, Anna Kr\u00f3l"},"content":{"rendered":"<p><span style=\"font-weight: 400;\">\u00a0<\/span><span style=\"font-weight: 400;\">\u201eWyspia\u0144ski\u201d to katalog autorstwa Anny Kr\u00f3l, odnosz\u0105cy si\u0119 do wystawy pod tym samym tytu\u0142em zorganizowanej w Muzeum Regionalnym Stalowej Woli z okazji 110. rocznicy \u015bmierci Stanis\u0142awa Wyspia\u0144skiego. Zawiera on reprodukcje dzie\u0142 prezentowanych na ekspozycji, kt\u00f3rym towarzysz\u0105 kr\u00f3tkie opisy. Bardzo wa\u017cn\u0105 cz\u0119\u015bci\u0105 publikacji jest niew\u0105tpliwie kalendarium \u017cycia wielkiego polskiego artysty, jak i tekst po\u015bwi\u0119cony jego tw\u00f3rczo\u015bci. Zawarto\u015b\u0107 katalogu podzielono na dzia\u0142y zgodnie z ide\u0105 wystawy, ka\u017cdemu z nich towarzyszy w\u0142a\u015bciwy wst\u0119p i charakterystyka dzia\u0142alno\u015bci Wyspia\u0144skiego w danej dziedzinie sztuki.<\/span><\/p>\n<p style=\"font-weight: 400;\">Format 21 x 26,9 cm; oprawa mi\u0119kka ze skrzyde\u0142kami; ss. 92<\/p>\n","protected":false},"excerpt":{"rendered":"<p>\u00a0\u201eWyspia\u0144ski\u201d to katalog autorstwa Anny Kr\u00f3l, odnosz\u0105cy si\u0119 do wystawy pod tym samym tytu\u0142em zorganizowanej w Muzeum Regionalnym Stalowej Woli [&hellip;]<\/p>\n","protected":false},"featured_media":795,"comment_status":"closed","ping_status":"closed","template":"","meta":{"site-sidebar-layout":"default","site-content-layout":"","ast-site-content-layout":"default","site-content-style":"default","site-sidebar-style":"default","ast-global-header-display":"","ast-banner-title-visibility":"","ast-main-header-display":"","ast-hfb-above-header-display":"","ast-hfb-below-header-display":"","ast-hfb-mobile-header-display":"","site-post-title":"","ast-breadcrumbs-content":"","ast-featured-img":"","footer-sml-layout":"","ast-disable-related-posts":"","theme-transparent-header-meta":"default","adv-header-id-meta":"","stick-header-meta":"","header-above-stick-meta":"","header-main-stick-meta":"","header-below-stick-meta":"","astra-migrate-meta-layouts":"set","ast-page-background-enabled":"default","ast-page-background-meta":{"desktop":{"background-color":"var(--ast-global-color-4)","background-image":"","background-repeat":"repeat","background-position":"center center","background-size":"auto","background-attachment":"scroll","background-type":"","background-media":"","overlay-type":"","overlay-color":"","overlay-opacity":"","overlay-gradient":""},"tablet":{"background-color":"","background-image":"","background-repeat":"repeat","background-position":"center center","background-size":"auto","background-attachment":"scroll","background-type":"","background-media":"","overlay-type":"","overlay-color":"","overlay-opacity":"","overlay-gradient":""},"mobile":{"background-color":"","background-image":"","background-repeat":"repeat","background-position":"center center","background-size":"auto","background-attachment":"scroll","background-type":"","background-media":"","overlay-type":"","overlay-color":"","overlay-opacity":"","overlay-gradient":""}},"ast-content-background-meta":{"desktop":{"background-color":"var(--ast-global-color-5)","background-image":"","background-repeat":"repeat","background-position":"center center","background-size":"auto","background-attachment":"scroll","background-type":"","background-media":"","overlay-type":"","overlay-color":"","overlay-opacity":"","overlay-gradient":""},"tablet":{"background-color":"var(--ast-global-color-5)","background-image":"","background-repeat":"repeat","background-position":"center center","background-size":"auto","background-attachment":"scroll","background-type":"","background-media":"","overlay-type":"","overlay-color":"","overlay-opacity":"","overlay-gradient":""},"mobile":{"background-color":"var(--ast-global-color-5)","background-image":"","background-repeat":"repeat","background-position":"center center","background-size":"auto","background-attachment":"scroll","background-type":"","background-media":"","overlay-type":"","overlay-color":"","overlay-opacity":"","overlay-gradient":""}}},"product_brand":[],"product_cat":[15,81,69],"product_tag":[],"class_list":{"0":"post-546","1":"product","2":"type-product","3":"status-publish","4":"has-post-thumbnail","6":"product_cat-wydawnictwa","7":"product_cat-katalogi-wystaw-pl","8":"product_cat-sztuka-pl","9":"desktop-align-left","10":"tablet-align-left","11":"mobile-align-left","12":"ast-product-gallery-layout-horizontal-slider","13":"ast-product-gallery-with-no-image","14":"ast-product-tabs-layout-horizontal","16":"first","17":"instock","18":"shipping-taxable","19":"purchasable","20":"product-type-simple"},"_links":{"self":[{"href":"https:\/\/muzeum.stalowawola.pl\/sklep\/wp-json\/wp\/v2\/product\/546","targetHints":{"allow":["GET"]}}],"collection":[{"href":"https:\/\/muzeum.stalowawola.pl\/sklep\/wp-json\/wp\/v2\/product"}],"about":[{"href":"https:\/\/muzeum.stalowawola.pl\/sklep\/wp-json\/wp\/v2\/types\/product"}],"replies":[{"embeddable":true,"href":"https:\/\/muzeum.stalowawola.pl\/sklep\/wp-json\/wp\/v2\/comments?post=546"}],"wp:featuredmedia":[{"embeddable":true,"href":"https:\/\/muzeum.stalowawola.pl\/sklep\/wp-json\/wp\/v2\/media\/795"}],"wp:attachment":[{"href":"https:\/\/muzeum.stalowawola.pl\/sklep\/wp-json\/wp\/v2\/media?parent=546"}],"wp:term":[{"taxonomy":"product_brand","embeddable":true,"href":"https:\/\/muzeum.stalowawola.pl\/sklep\/wp-json\/wp\/v2\/product_brand?post=546"},{"taxonomy":"product_cat","embeddable":true,"href":"https:\/\/muzeum.stalowawola.pl\/sklep\/wp-json\/wp\/v2\/product_cat?post=546"},{"taxonomy":"product_tag","embeddable":true,"href":"https:\/\/muzeum.stalowawola.pl\/sklep\/wp-json\/wp\/v2\/product_tag?post=546"}],"curies":[{"name":"wp","href":"https:\/\/api.w.org\/{rel}","templated":true}]}}