{"id":543,"date":"2025-01-13T09:07:46","date_gmt":"2025-01-13T08:07:46","guid":{"rendered":"https:\/\/muzeum.stalowawola.pl\/sklep\/?post_type=product&#038;p=543"},"modified":"2025-09-09T10:16:15","modified_gmt":"2025-09-09T08:16:15","slug":"w-powietrzu-na-ladzie-i-morzu-jakub-woynarowski","status":"publish","type":"product","link":"https:\/\/muzeum.stalowawola.pl\/sklep\/produkt\/w-powietrzu-na-ladzie-i-morzu-jakub-woynarowski\/","title":{"rendered":"W powietrzu, na l\u0105dzie i morzu, Jakub Woynarowski"},"content":{"rendered":"<p>W powietrzu, na l\u0105dzie i morzu&#8221; to publikacja jubileuszowa z okazji 80-lecia COP-u. Pomys\u0142 na to wydawnictwo powsta\u0142 ju\u017c pi\u0119\u0107 lat temu, przy okazji prezentowania przez Muzeum Regionalne w Stalowej Woli wystawy grafik Jakuba Woynarowskiego.<\/p>\n<div><\/div>\n<div>Ten pochodz\u0105cy ze Stalowej Woli artysta w nowatorski spos\u00f3b uj\u0105\u0142 histori\u0119 swojego rodzinnego miasta. Cykl 45 obraz\u00f3w tworzy swoisty komiks i prowadzi od pocz\u0105tk\u00f3w, czyli Puszczy Sandomierskiej, poprzez budow\u0119 fabryki i osiedla, a\u017c do wybuchu drugiej wojny \u015bwiatowej. Nie brakuje w nim motyw\u00f3w dla Stalowej Woli szczeg\u00f3lnych, jak cho\u0107by charakterystyczne ogrodzenia, modernistyczna architektura czy wszechogarniaj\u0105ca ziele\u0144. Autor odwo\u0142uje si\u0119 tu tak\u017ce do poj\u0119cia \u201emiasta-ogrodu\u201d, nowego trendu w urbanistyce, propagowanego w okresie mi\u0119dzywojennym.<\/div>\n<div><\/div>\n<div>Niezwyk\u0142a artystyczna wizja przybli\u017ca budow\u0119 nowego miasta, kt\u00f3re wyros\u0142o w niezwyk\u0142ym czasie powstawania Centralnego Okr\u0119gu Przemys\u0142owego.<\/div>\n<div><\/div>\n<div>Atutem publikacji jest minimalizm i subtelno\u015b\u0107. Elegancka, bia\u0142a ok\u0142adka z otworem w kszta\u0142cie rombu, przez kt\u00f3ry widoczny jest fragment zielonej wyklejki, oraz cykl grafik utrzymanych w trzech zaledwie kolorach: zielonym, czarnym i bia\u0142ym, tworz\u0105 pi\u0119kn\u0105, sp\u00f3jn\u0105 ca\u0142o\u015b\u0107. Jest to ksi\u0105\u017cka do ogl\u0105dania. Autor nie narzuca odbiorcy swojej interpretacji, lecz pozostawia to do\u015bwiadczeniu i wra\u017cliwo\u015bci czytelnika.<\/div>\n<div><\/div>\n<div>Format: 245 x 345 mm; ss. 56; oprawa twarda z wyci\u0119ciem<\/div>\n<div><\/div>\n","protected":false},"excerpt":{"rendered":"<p>W powietrzu, na l\u0105dzie i morzu&#8221; to publikacja jubileuszowa z okazji 80-lecia COP-u. Pomys\u0142 na to wydawnictwo powsta\u0142 ju\u017c pi\u0119\u0107 [&hellip;]<\/p>\n","protected":false},"featured_media":746,"comment_status":"closed","ping_status":"closed","template":"","meta":{"site-sidebar-layout":"default","site-content-layout":"","ast-site-content-layout":"default","site-content-style":"default","site-sidebar-style":"default","ast-global-header-display":"","ast-banner-title-visibility":"","ast-main-header-display":"","ast-hfb-above-header-display":"","ast-hfb-below-header-display":"","ast-hfb-mobile-header-display":"","site-post-title":"","ast-breadcrumbs-content":"","ast-featured-img":"","footer-sml-layout":"","ast-disable-related-posts":"","theme-transparent-header-meta":"default","adv-header-id-meta":"","stick-header-meta":"","header-above-stick-meta":"","header-main-stick-meta":"","header-below-stick-meta":"","astra-migrate-meta-layouts":"set","ast-page-background-enabled":"default","ast-page-background-meta":{"desktop":{"background-color":"var(--ast-global-color-4)","background-image":"","background-repeat":"repeat","background-position":"center center","background-size":"auto","background-attachment":"scroll","background-type":"","background-media":"","overlay-type":"","overlay-color":"","overlay-opacity":"","overlay-gradient":""},"tablet":{"background-color":"","background-image":"","background-repeat":"repeat","background-position":"center center","background-size":"auto","background-attachment":"scroll","background-type":"","background-media":"","overlay-type":"","overlay-color":"","overlay-opacity":"","overlay-gradient":""},"mobile":{"background-color":"","background-image":"","background-repeat":"repeat","background-position":"center center","background-size":"auto","background-attachment":"scroll","background-type":"","background-media":"","overlay-type":"","overlay-color":"","overlay-opacity":"","overlay-gradient":""}},"ast-content-background-meta":{"desktop":{"background-color":"var(--ast-global-color-5)","background-image":"","background-repeat":"repeat","background-position":"center center","background-size":"auto","background-attachment":"scroll","background-type":"","background-media":"","overlay-type":"","overlay-color":"","overlay-opacity":"","overlay-gradient":""},"tablet":{"background-color":"var(--ast-global-color-5)","background-image":"","background-repeat":"repeat","background-position":"center center","background-size":"auto","background-attachment":"scroll","background-type":"","background-media":"","overlay-type":"","overlay-color":"","overlay-opacity":"","overlay-gradient":""},"mobile":{"background-color":"var(--ast-global-color-5)","background-image":"","background-repeat":"repeat","background-position":"center center","background-size":"auto","background-attachment":"scroll","background-type":"","background-media":"","overlay-type":"","overlay-color":"","overlay-opacity":"","overlay-gradient":""}}},"product_brand":[],"product_cat":[15,53,75,69],"product_tag":[],"class_list":{"0":"post-543","1":"product","2":"type-product","3":"status-publish","4":"has-post-thumbnail","6":"product_cat-wydawnictwa","7":"product_cat-centralny-okreg-przemyslowy-pl","8":"product_cat-stalowa-wola-pl","9":"product_cat-sztuka-pl","10":"desktop-align-left","11":"tablet-align-left","12":"mobile-align-left","13":"ast-product-gallery-layout-horizontal-slider","14":"ast-product-gallery-with-no-image","15":"ast-product-tabs-layout-horizontal","17":"first","18":"instock","19":"shipping-taxable","20":"purchasable","21":"product-type-simple"},"_links":{"self":[{"href":"https:\/\/muzeum.stalowawola.pl\/sklep\/wp-json\/wp\/v2\/product\/543","targetHints":{"allow":["GET"]}}],"collection":[{"href":"https:\/\/muzeum.stalowawola.pl\/sklep\/wp-json\/wp\/v2\/product"}],"about":[{"href":"https:\/\/muzeum.stalowawola.pl\/sklep\/wp-json\/wp\/v2\/types\/product"}],"replies":[{"embeddable":true,"href":"https:\/\/muzeum.stalowawola.pl\/sklep\/wp-json\/wp\/v2\/comments?post=543"}],"wp:featuredmedia":[{"embeddable":true,"href":"https:\/\/muzeum.stalowawola.pl\/sklep\/wp-json\/wp\/v2\/media\/746"}],"wp:attachment":[{"href":"https:\/\/muzeum.stalowawola.pl\/sklep\/wp-json\/wp\/v2\/media?parent=543"}],"wp:term":[{"taxonomy":"product_brand","embeddable":true,"href":"https:\/\/muzeum.stalowawola.pl\/sklep\/wp-json\/wp\/v2\/product_brand?post=543"},{"taxonomy":"product_cat","embeddable":true,"href":"https:\/\/muzeum.stalowawola.pl\/sklep\/wp-json\/wp\/v2\/product_cat?post=543"},{"taxonomy":"product_tag","embeddable":true,"href":"https:\/\/muzeum.stalowawola.pl\/sklep\/wp-json\/wp\/v2\/product_tag?post=543"}],"curies":[{"name":"wp","href":"https:\/\/api.w.org\/{rel}","templated":true}]}}