{"id":541,"date":"2025-01-09T16:13:16","date_gmt":"2025-01-09T15:13:16","guid":{"rendered":"https:\/\/muzeum.stalowawola.pl\/sklep\/?post_type=product&#038;p=541"},"modified":"2025-09-09T10:17:21","modified_gmt":"2025-09-09T08:17:21","slug":"w-barwach-wojska-majdanskiego-gwardia-narodowa-im-t-kosciuszki-z-majdanu-zbydniowskiego","status":"publish","type":"product","link":"https:\/\/muzeum.stalowawola.pl\/sklep\/produkt\/w-barwach-wojska-majdanskiego-gwardia-narodowa-im-t-kosciuszki-z-majdanu-zbydniowskiego\/","title":{"rendered":"W barwach Wojska Majda\u0144skiego. Gwardia Narodowa im. T. Ko\u015bciuszki z Majdanu Zbydniowskiego"},"content":{"rendered":"<p>Publikacja o Gwardii Narodowej im. T. Ko\u015bciuszki z Majdanu Zbydniowskiego, pokazuj\u0105ca znan\u0105 w regionie tradycj\u0119, ale w \u015bwietle nowych bada\u0144.<\/p>\n<div class=\"itemToolbar\">\n<div class=\"clr\">W publikacji znalaz\u0142a si\u0119 fachowa analiza zwi\u0105zku kostiumu Gwardii Narodowej z Majdanu Zbydniowskiego z polsk\u0105 oraz europejsk\u0105 wojskow\u0105 tradycj\u0105 ubiorcz\u0105. Temat zosta\u0142 opracowany przez historyka i znawc\u0119 zagadnie\u0144 munduroznawczych i mundurologicznych, prof. dr. hab. Aleksandra Smoli\u0144skiego z Instytutu Historii i Archiwistyki Uniwersytetu Miko\u0142aja Kopernika w Toruniu. Opracowania etnograficznego, przedstawiajacego Gwardi\u0119 w kontek\u015bcie \u017cywotnych tradycji stra\u017cy grobowych okresu wielkanocnego podj\u0105\u0142 si\u0119 etnograf dr Andrzej Karczmarzewski, badacz zwyczaj\u00f3w i obrz\u0119dowo\u015bci ludowej Podkarpacia.<\/div>\n<\/div>\n<div class=\"itemFullText\">\n<p>Natomiast Adam Micha\u0142 Chciuk, wieloletni komendant Gwardii, kt\u00f3ry przez wiele lat pr\u00f3bowa\u0142 dociera\u0107 do informacji dotycz\u0105cych historii w\u0142asnej formacji, opisa\u0142 jej dzieje ze szczeg\u00f3lnym uwzgl\u0119dnieniem akcesori\u00f3w, umundurowania i uzbrojenia Gwardii Majda\u0144skiej.<\/p>\n<p>Ca\u0142o\u015b\u0107 w dw\u00f3ch j\u0119zykach: polskim i angielskim.<\/p>\n<p>Red. Aleksander Smoli\u0144ski i El\u017cbieta Skromak<\/p>\n<p>Fotografie: archiwum Muzeum Regionalnego w Stalowej Woli i Gwardii Narodowej im. T. Ko\u015bciuszki oraz zbiory prywatne<\/p>\n<p>Format 21 x 23 cm, oprawa mi\u0119kka, ss.119<\/p>\n<\/div>\n","protected":false},"excerpt":{"rendered":"<p>Publikacja o Gwardii Narodowej im. T. Ko\u015bciuszki z Majdanu Zbydniowskiego, pokazuj\u0105ca znan\u0105 w regionie tradycj\u0119, ale w \u015bwietle nowych bada\u0144. [&hellip;]<\/p>\n","protected":false},"featured_media":743,"comment_status":"closed","ping_status":"closed","template":"","meta":{"site-sidebar-layout":"default","site-content-layout":"","ast-site-content-layout":"default","site-content-style":"default","site-sidebar-style":"default","ast-global-header-display":"","ast-banner-title-visibility":"","ast-main-header-display":"","ast-hfb-above-header-display":"","ast-hfb-below-header-display":"","ast-hfb-mobile-header-display":"","site-post-title":"","ast-breadcrumbs-content":"","ast-featured-img":"","footer-sml-layout":"","ast-disable-related-posts":"","theme-transparent-header-meta":"default","adv-header-id-meta":"","stick-header-meta":"","header-above-stick-meta":"","header-main-stick-meta":"","header-below-stick-meta":"","astra-migrate-meta-layouts":"set","ast-page-background-enabled":"default","ast-page-background-meta":{"desktop":{"background-color":"var(--ast-global-color-4)","background-image":"","background-repeat":"repeat","background-position":"center center","background-size":"auto","background-attachment":"scroll","background-type":"","background-media":"","overlay-type":"","overlay-color":"","overlay-opacity":"","overlay-gradient":""},"tablet":{"background-color":"","background-image":"","background-repeat":"repeat","background-position":"center center","background-size":"auto","background-attachment":"scroll","background-type":"","background-media":"","overlay-type":"","overlay-color":"","overlay-opacity":"","overlay-gradient":""},"mobile":{"background-color":"","background-image":"","background-repeat":"repeat","background-position":"center center","background-size":"auto","background-attachment":"scroll","background-type":"","background-media":"","overlay-type":"","overlay-color":"","overlay-opacity":"","overlay-gradient":""}},"ast-content-background-meta":{"desktop":{"background-color":"var(--ast-global-color-5)","background-image":"","background-repeat":"repeat","background-position":"center center","background-size":"auto","background-attachment":"scroll","background-type":"","background-media":"","overlay-type":"","overlay-color":"","overlay-opacity":"","overlay-gradient":""},"tablet":{"background-color":"var(--ast-global-color-5)","background-image":"","background-repeat":"repeat","background-position":"center center","background-size":"auto","background-attachment":"scroll","background-type":"","background-media":"","overlay-type":"","overlay-color":"","overlay-opacity":"","overlay-gradient":""},"mobile":{"background-color":"var(--ast-global-color-5)","background-image":"","background-repeat":"repeat","background-position":"center center","background-size":"auto","background-attachment":"scroll","background-type":"","background-media":"","overlay-type":"","overlay-color":"","overlay-opacity":"","overlay-gradient":""}}},"product_brand":[],"product_cat":[15,79,77],"product_tag":[],"class_list":{"0":"post-541","1":"product","2":"type-product","3":"status-publish","4":"has-post-thumbnail","6":"product_cat-wydawnictwa","7":"product_cat-etnografia-pl","8":"product_cat-historia-pl","9":"desktop-align-left","10":"tablet-align-left","11":"mobile-align-left","12":"ast-product-gallery-layout-horizontal-slider","13":"ast-product-gallery-with-no-image","14":"ast-product-tabs-layout-horizontal","16":"first","17":"instock","18":"shipping-taxable","19":"purchasable","20":"product-type-simple"},"_links":{"self":[{"href":"https:\/\/muzeum.stalowawola.pl\/sklep\/wp-json\/wp\/v2\/product\/541","targetHints":{"allow":["GET"]}}],"collection":[{"href":"https:\/\/muzeum.stalowawola.pl\/sklep\/wp-json\/wp\/v2\/product"}],"about":[{"href":"https:\/\/muzeum.stalowawola.pl\/sklep\/wp-json\/wp\/v2\/types\/product"}],"replies":[{"embeddable":true,"href":"https:\/\/muzeum.stalowawola.pl\/sklep\/wp-json\/wp\/v2\/comments?post=541"}],"wp:featuredmedia":[{"embeddable":true,"href":"https:\/\/muzeum.stalowawola.pl\/sklep\/wp-json\/wp\/v2\/media\/743"}],"wp:attachment":[{"href":"https:\/\/muzeum.stalowawola.pl\/sklep\/wp-json\/wp\/v2\/media?parent=541"}],"wp:term":[{"taxonomy":"product_brand","embeddable":true,"href":"https:\/\/muzeum.stalowawola.pl\/sklep\/wp-json\/wp\/v2\/product_brand?post=541"},{"taxonomy":"product_cat","embeddable":true,"href":"https:\/\/muzeum.stalowawola.pl\/sklep\/wp-json\/wp\/v2\/product_cat?post=541"},{"taxonomy":"product_tag","embeddable":true,"href":"https:\/\/muzeum.stalowawola.pl\/sklep\/wp-json\/wp\/v2\/product_tag?post=541"}],"curies":[{"name":"wp","href":"https:\/\/api.w.org\/{rel}","templated":true}]}}