{"id":539,"date":"2025-01-09T15:35:43","date_gmt":"2025-01-09T14:35:43","guid":{"rendered":"https:\/\/muzeum.stalowawola.pl\/sklep\/?post_type=product&#038;p=539"},"modified":"2025-09-09T10:18:24","modified_gmt":"2025-09-09T08:18:24","slug":"trojwymiar","status":"publish","type":"product","link":"https:\/\/muzeum.stalowawola.pl\/sklep\/produkt\/trojwymiar\/","title":{"rendered":"Tr\u00f3jwymiar"},"content":{"rendered":"<p>Niezwykle bogato ilustrowany katalog wystawy prac wsp\u00f3\u0142czesnych m\u0142odych artyst\u00f3w zwi\u0105zanych ze Stalow\u0105 Wol\u0105: Tomka Barana, S\u0142awomira Tomana, Grzegorza Siembidy.<\/p>\n<div>Publikacja przygotowana zosta\u0142a na podstawie ekspozycji prezentowanej w stalowowolskim muzeum, kt\u00f3rej kuratorem by\u0142 Jakub Woynarowski. Zawiera reprodukcje fotograficzne obraz\u00f3w i instalacji prezentowanych na wystawie, ale te\u017c fotografie przedstawiaj\u0105ce pracownie artyst\u00f3w i fotorelacj\u0119 z przestrzeni wystawy. Katalog opatrzony zosta\u0142 wst\u0119pem kuratora, zawiera te\u017c biogramy artyst\u00f3w.<\/div>\n<div><\/div>\n<div>Format: 216 x 175 mm, ss. 140, oprawa twarda p\u0142\u00f3cienna<\/div>\n","protected":false},"excerpt":{"rendered":"<p>Niezwykle bogato ilustrowany katalog wystawy prac wsp\u00f3\u0142czesnych m\u0142odych artyst\u00f3w zwi\u0105zanych ze Stalow\u0105 Wol\u0105: Tomka Barana, S\u0142awomira Tomana, Grzegorza Siembidy. Publikacja [&hellip;]<\/p>\n","protected":false},"featured_media":741,"comment_status":"closed","ping_status":"closed","template":"","meta":{"site-sidebar-layout":"default","site-content-layout":"","ast-site-content-layout":"default","site-content-style":"default","site-sidebar-style":"default","ast-global-header-display":"","ast-banner-title-visibility":"","ast-main-header-display":"","ast-hfb-above-header-display":"","ast-hfb-below-header-display":"","ast-hfb-mobile-header-display":"","site-post-title":"","ast-breadcrumbs-content":"","ast-featured-img":"","footer-sml-layout":"","ast-disable-related-posts":"","theme-transparent-header-meta":"default","adv-header-id-meta":"","stick-header-meta":"","header-above-stick-meta":"","header-main-stick-meta":"","header-below-stick-meta":"","astra-migrate-meta-layouts":"set","ast-page-background-enabled":"default","ast-page-background-meta":{"desktop":{"background-color":"var(--ast-global-color-4)","background-image":"","background-repeat":"repeat","background-position":"center center","background-size":"auto","background-attachment":"scroll","background-type":"","background-media":"","overlay-type":"","overlay-color":"","overlay-opacity":"","overlay-gradient":""},"tablet":{"background-color":"","background-image":"","background-repeat":"repeat","background-position":"center center","background-size":"auto","background-attachment":"scroll","background-type":"","background-media":"","overlay-type":"","overlay-color":"","overlay-opacity":"","overlay-gradient":""},"mobile":{"background-color":"","background-image":"","background-repeat":"repeat","background-position":"center center","background-size":"auto","background-attachment":"scroll","background-type":"","background-media":"","overlay-type":"","overlay-color":"","overlay-opacity":"","overlay-gradient":""}},"ast-content-background-meta":{"desktop":{"background-color":"var(--ast-global-color-5)","background-image":"","background-repeat":"repeat","background-position":"center center","background-size":"auto","background-attachment":"scroll","background-type":"","background-media":"","overlay-type":"","overlay-color":"","overlay-opacity":"","overlay-gradient":""},"tablet":{"background-color":"var(--ast-global-color-5)","background-image":"","background-repeat":"repeat","background-position":"center center","background-size":"auto","background-attachment":"scroll","background-type":"","background-media":"","overlay-type":"","overlay-color":"","overlay-opacity":"","overlay-gradient":""},"mobile":{"background-color":"var(--ast-global-color-5)","background-image":"","background-repeat":"repeat","background-position":"center center","background-size":"auto","background-attachment":"scroll","background-type":"","background-media":"","overlay-type":"","overlay-color":"","overlay-opacity":"","overlay-gradient":""}}},"product_brand":[],"product_cat":[15,81,69],"product_tag":[],"class_list":{"0":"post-539","1":"product","2":"type-product","3":"status-publish","4":"has-post-thumbnail","6":"product_cat-wydawnictwa","7":"product_cat-katalogi-wystaw-pl","8":"product_cat-sztuka-pl","9":"desktop-align-left","10":"tablet-align-left","11":"mobile-align-left","12":"ast-product-gallery-layout-horizontal-slider","13":"ast-product-gallery-with-no-image","14":"ast-product-tabs-layout-horizontal","16":"first","17":"instock","18":"shipping-taxable","19":"purchasable","20":"product-type-simple"},"_links":{"self":[{"href":"https:\/\/muzeum.stalowawola.pl\/sklep\/wp-json\/wp\/v2\/product\/539","targetHints":{"allow":["GET"]}}],"collection":[{"href":"https:\/\/muzeum.stalowawola.pl\/sklep\/wp-json\/wp\/v2\/product"}],"about":[{"href":"https:\/\/muzeum.stalowawola.pl\/sklep\/wp-json\/wp\/v2\/types\/product"}],"replies":[{"embeddable":true,"href":"https:\/\/muzeum.stalowawola.pl\/sklep\/wp-json\/wp\/v2\/comments?post=539"}],"wp:featuredmedia":[{"embeddable":true,"href":"https:\/\/muzeum.stalowawola.pl\/sklep\/wp-json\/wp\/v2\/media\/741"}],"wp:attachment":[{"href":"https:\/\/muzeum.stalowawola.pl\/sklep\/wp-json\/wp\/v2\/media?parent=539"}],"wp:term":[{"taxonomy":"product_brand","embeddable":true,"href":"https:\/\/muzeum.stalowawola.pl\/sklep\/wp-json\/wp\/v2\/product_brand?post=539"},{"taxonomy":"product_cat","embeddable":true,"href":"https:\/\/muzeum.stalowawola.pl\/sklep\/wp-json\/wp\/v2\/product_cat?post=539"},{"taxonomy":"product_tag","embeddable":true,"href":"https:\/\/muzeum.stalowawola.pl\/sklep\/wp-json\/wp\/v2\/product_tag?post=539"}],"curies":[{"name":"wp","href":"https:\/\/api.w.org\/{rel}","templated":true}]}}