{"id":537,"date":"2025-01-09T15:33:21","date_gmt":"2025-01-09T14:33:21","guid":{"rendered":"https:\/\/muzeum.stalowawola.pl\/sklep\/?post_type=product&#038;p=537"},"modified":"2025-09-09T10:19:58","modified_gmt":"2025-09-09T08:19:58","slug":"takie-bylo-lasowiackie-zycie-dawna-wies-w-rzezbie-jana-puka","status":"publish","type":"product","link":"https:\/\/muzeum.stalowawola.pl\/sklep\/produkt\/takie-bylo-lasowiackie-zycie-dawna-wies-w-rzezbie-jana-puka\/","title":{"rendered":"Takie by\u0142o lasowiackie \u017cycie&#8230;Dawna wie\u015b w rze\u017abie Jana Puka"},"content":{"rendered":"<p>Jan Puk to wyj\u0105tkowy tw\u00f3rca, kt\u00f3ry po\u015bwi\u0119ca swoje \u017cycie pi\u0119knej idei podtrzymywania pami\u0119ci o kulturze ludowej regionu lasowiackiego. Od wielu ju\u017c lat jest jednym z najbardziej rozpoznawalnych w tej cz\u0119\u015bci wojew\u00f3dztwa podkarpackiego ludowym rze\u017abiarzem, gaw\u0119dziarzem, poet\u0105, kronikarzem. W jego domu w Trze\u015bni (gm. Gorzyce), swoistym ma\u0142ym muzeum, goszcz\u0105 badacze kultury ludowej, regionali\u015bci, nauczyciele oraz liczne grupy wycieczkowe, kt\u00f3re z ciekawo\u015bci\u0105 ogl\u0105daj\u0105 drewniane rze\u017aby: kapliczki, ruchome zabawki, przedstawienia dawnych zaj\u0119\u0107 wiejskich, rze\u017aby patriotyczne, proste instrumenty. Artysta za swoj\u0105 otwarto\u015b\u0107, bezpo\u015brednio\u015b\u0107 i pasj\u0119 zyska\u0142 uznanie w wielu \u015brodowiskach kultury. Na przestrzeni ponad trzydziestoletniej ju\u017c pracy tw\u00f3rczej przygotowywano mu liczne wystawy w szko\u0142ach, bibliotekach, o\u015brodkach kultury. Jego rze\u017aby, a zw\u0142aszcza zabawki, znalaz\u0142y si\u0119 w kolekcjach prywatnych i muzealnych. Ch\u0119tnie dzieli si\u0119 r\u00f3wnie\u017c swoj\u0105 wiedz\u0105 o historii i tradycji regionu lasowiackiego. Pe\u0142en entuzjazmu uczestniczy w prelekcjach i spotkaniach po\u015bwi\u0119conych kulturze ludowej, na kt\u00f3rych ubrany w lasowiacki str\u00f3j, z niepowtarzalnym urokiem gaw\u0119dzi o dawnym \u017cyciu u Lasowiak\u00f3w. Nadal niezmiennie od lat 80. XX w. tworzy rze\u017aby i zabawki, zaskakuj\u0105c coraz nowszymi pomys\u0142ami i tematami.<\/p>\n","protected":false},"excerpt":{"rendered":"<p>Jan Puk to wyj\u0105tkowy tw\u00f3rca, kt\u00f3ry po\u015bwi\u0119ca swoje \u017cycie pi\u0119knej idei podtrzymywania pami\u0119ci o kulturze ludowej regionu lasowiackiego. Od wielu [&hellip;]<\/p>\n","protected":false},"featured_media":738,"comment_status":"closed","ping_status":"closed","template":"","meta":{"site-sidebar-layout":"default","site-content-layout":"","ast-site-content-layout":"default","site-content-style":"default","site-sidebar-style":"default","ast-global-header-display":"","ast-banner-title-visibility":"","ast-main-header-display":"","ast-hfb-above-header-display":"","ast-hfb-below-header-display":"","ast-hfb-mobile-header-display":"","site-post-title":"","ast-breadcrumbs-content":"","ast-featured-img":"","footer-sml-layout":"","ast-disable-related-posts":"","theme-transparent-header-meta":"default","adv-header-id-meta":"","stick-header-meta":"","header-above-stick-meta":"","header-main-stick-meta":"","header-below-stick-meta":"","astra-migrate-meta-layouts":"set","ast-page-background-enabled":"default","ast-page-background-meta":{"desktop":{"background-color":"var(--ast-global-color-4)","background-image":"","background-repeat":"repeat","background-position":"center center","background-size":"auto","background-attachment":"scroll","background-type":"","background-media":"","overlay-type":"","overlay-color":"","overlay-opacity":"","overlay-gradient":""},"tablet":{"background-color":"","background-image":"","background-repeat":"repeat","background-position":"center center","background-size":"auto","background-attachment":"scroll","background-type":"","background-media":"","overlay-type":"","overlay-color":"","overlay-opacity":"","overlay-gradient":""},"mobile":{"background-color":"","background-image":"","background-repeat":"repeat","background-position":"center center","background-size":"auto","background-attachment":"scroll","background-type":"","background-media":"","overlay-type":"","overlay-color":"","overlay-opacity":"","overlay-gradient":""}},"ast-content-background-meta":{"desktop":{"background-color":"var(--ast-global-color-5)","background-image":"","background-repeat":"repeat","background-position":"center center","background-size":"auto","background-attachment":"scroll","background-type":"","background-media":"","overlay-type":"","overlay-color":"","overlay-opacity":"","overlay-gradient":""},"tablet":{"background-color":"var(--ast-global-color-5)","background-image":"","background-repeat":"repeat","background-position":"center center","background-size":"auto","background-attachment":"scroll","background-type":"","background-media":"","overlay-type":"","overlay-color":"","overlay-opacity":"","overlay-gradient":""},"mobile":{"background-color":"var(--ast-global-color-5)","background-image":"","background-repeat":"repeat","background-position":"center center","background-size":"auto","background-attachment":"scroll","background-type":"","background-media":"","overlay-type":"","overlay-color":"","overlay-opacity":"","overlay-gradient":""}}},"product_brand":[],"product_cat":[15,79,81,71],"product_tag":[],"class_list":{"0":"post-537","1":"product","2":"type-product","3":"status-publish","4":"has-post-thumbnail","6":"product_cat-wydawnictwa","7":"product_cat-etnografia-pl","8":"product_cat-katalogi-wystaw-pl","9":"product_cat-lasowiacy-pl","10":"desktop-align-left","11":"tablet-align-left","12":"mobile-align-left","13":"ast-product-gallery-layout-horizontal-slider","14":"ast-product-gallery-with-no-image","15":"ast-product-tabs-layout-horizontal","17":"first","18":"instock","19":"shipping-taxable","20":"purchasable","21":"product-type-simple"},"_links":{"self":[{"href":"https:\/\/muzeum.stalowawola.pl\/sklep\/wp-json\/wp\/v2\/product\/537","targetHints":{"allow":["GET"]}}],"collection":[{"href":"https:\/\/muzeum.stalowawola.pl\/sklep\/wp-json\/wp\/v2\/product"}],"about":[{"href":"https:\/\/muzeum.stalowawola.pl\/sklep\/wp-json\/wp\/v2\/types\/product"}],"replies":[{"embeddable":true,"href":"https:\/\/muzeum.stalowawola.pl\/sklep\/wp-json\/wp\/v2\/comments?post=537"}],"wp:featuredmedia":[{"embeddable":true,"href":"https:\/\/muzeum.stalowawola.pl\/sklep\/wp-json\/wp\/v2\/media\/738"}],"wp:attachment":[{"href":"https:\/\/muzeum.stalowawola.pl\/sklep\/wp-json\/wp\/v2\/media?parent=537"}],"wp:term":[{"taxonomy":"product_brand","embeddable":true,"href":"https:\/\/muzeum.stalowawola.pl\/sklep\/wp-json\/wp\/v2\/product_brand?post=537"},{"taxonomy":"product_cat","embeddable":true,"href":"https:\/\/muzeum.stalowawola.pl\/sklep\/wp-json\/wp\/v2\/product_cat?post=537"},{"taxonomy":"product_tag","embeddable":true,"href":"https:\/\/muzeum.stalowawola.pl\/sklep\/wp-json\/wp\/v2\/product_tag?post=537"}],"curies":[{"name":"wp","href":"https:\/\/api.w.org\/{rel}","templated":true}]}}