{"id":531,"date":"2025-01-09T10:20:14","date_gmt":"2025-01-09T09:20:14","guid":{"rendered":"https:\/\/muzeum.stalowawola.pl\/sklep\/?post_type=product&#038;p=531"},"modified":"2026-02-09T08:08:06","modified_gmt":"2026-02-09T07:08:06","slug":"stalowa-wola-architektoniczne-oblicze-miasta-1945-1989-marek-a-stankowski","status":"publish","type":"product","link":"https:\/\/muzeum.stalowawola.pl\/sklep\/produkt\/stalowa-wola-architektoniczne-oblicze-miasta-1945-1989-marek-a-stankowski\/","title":{"rendered":"Stalowa Wola. Architektoniczne oblicza miasta 1945-1989; Marek A. Sta\u0144kowski"},"content":{"rendered":"<p>Podstawowym celem tej popularnonaukowej monografii jest zaprezentowanie rozwi\u0105za\u0144 urbanistycznych i architektonicznych zastosowanych w Stalowej Woli &#8211; mie\u015bcie zwanym kiedy\u015b per\u0142\u0105 Centralnego Okr\u0119gu Przemys\u0142owego. Jako znakomity przyk\u0142ad umiej\u0119tnego po\u0142\u0105czenia architektury przedwojennego modernizmu z powojenn\u0105 architektur\u0105 socrealistycz\u0105 i socmodernistyczn\u0105 miasto stanowi atrakcj\u0119 turystyczn\u0105 dla odwiedzaj\u0105cych je go\u015bci oraz buduje to\u017csamo\u015b\u0107 i poczucie dumy jego mieszka\u0144c\u00f3w. Album wyr\u00f3\u017cnia si\u0119 wysok\u0105 jako\u015bci\u0105 edytorsk\u0105 i oryginaln\u0105 szat\u0105 graficzn\u0105. Prawdziwym bogactwem s\u0105 liczne archiwalne plany urbanistyczne odnalezione przez Autora (niekt\u00f3re do tej pory nie by\u0142y publikowane), rysunki obiekt\u00f3w oraz czarno-bia\u0142e fotografie zabudowy miejskiej. Dzi\u0119ki nim Czytelnik spaceruj\u0105cy ulicami Stalowej Woli mo\u017ce skonfrontowa\u0107 projekty architektoniczne budynk\u00f3w z tym, jak one prezentuj\u0105 si\u0119 obecnie. Czasami r\u00f3\u017cnice potrafi\u0105 naprawd\u0119 zaskoczy\u0107.<\/p>\n","protected":false},"excerpt":{"rendered":"<p>Podstawowym celem tej popularnonaukowej monografii jest zaprezentowanie rozwi\u0105za\u0144 urbanistycznych i architektonicznych zastosowanych w Stalowej Woli &#8211; mie\u015bcie zwanym kiedy\u015b per\u0142\u0105 [&hellip;]<\/p>\n","protected":false},"featured_media":728,"comment_status":"closed","ping_status":"closed","template":"","meta":{"site-sidebar-layout":"default","site-content-layout":"","ast-site-content-layout":"default","site-content-style":"default","site-sidebar-style":"default","ast-global-header-display":"","ast-banner-title-visibility":"","ast-main-header-display":"","ast-hfb-above-header-display":"","ast-hfb-below-header-display":"","ast-hfb-mobile-header-display":"","site-post-title":"","ast-breadcrumbs-content":"","ast-featured-img":"","footer-sml-layout":"","ast-disable-related-posts":"","theme-transparent-header-meta":"default","adv-header-id-meta":"","stick-header-meta":"","header-above-stick-meta":"","header-main-stick-meta":"","header-below-stick-meta":"","astra-migrate-meta-layouts":"set","ast-page-background-enabled":"default","ast-page-background-meta":{"desktop":{"background-color":"var(--ast-global-color-4)","background-image":"","background-repeat":"repeat","background-position":"center center","background-size":"auto","background-attachment":"scroll","background-type":"","background-media":"","overlay-type":"","overlay-color":"","overlay-opacity":"","overlay-gradient":""},"tablet":{"background-color":"","background-image":"","background-repeat":"repeat","background-position":"center center","background-size":"auto","background-attachment":"scroll","background-type":"","background-media":"","overlay-type":"","overlay-color":"","overlay-opacity":"","overlay-gradient":""},"mobile":{"background-color":"","background-image":"","background-repeat":"repeat","background-position":"center center","background-size":"auto","background-attachment":"scroll","background-type":"","background-media":"","overlay-type":"","overlay-color":"","overlay-opacity":"","overlay-gradient":""}},"ast-content-background-meta":{"desktop":{"background-color":"var(--ast-global-color-5)","background-image":"","background-repeat":"repeat","background-position":"center center","background-size":"auto","background-attachment":"scroll","background-type":"","background-media":"","overlay-type":"","overlay-color":"","overlay-opacity":"","overlay-gradient":""},"tablet":{"background-color":"var(--ast-global-color-5)","background-image":"","background-repeat":"repeat","background-position":"center center","background-size":"auto","background-attachment":"scroll","background-type":"","background-media":"","overlay-type":"","overlay-color":"","overlay-opacity":"","overlay-gradient":""},"mobile":{"background-color":"var(--ast-global-color-5)","background-image":"","background-repeat":"repeat","background-position":"center center","background-size":"auto","background-attachment":"scroll","background-type":"","background-media":"","overlay-type":"","overlay-color":"","overlay-opacity":"","overlay-gradient":""}}},"product_brand":[],"product_cat":[15,77,75],"product_tag":[],"class_list":{"0":"post-531","1":"product","2":"type-product","3":"status-publish","4":"has-post-thumbnail","6":"product_cat-wydawnictwa","7":"product_cat-historia-pl","8":"product_cat-stalowa-wola-pl","9":"desktop-align-left","10":"tablet-align-left","11":"mobile-align-left","12":"ast-product-gallery-layout-horizontal-slider","13":"ast-product-gallery-with-no-image","14":"ast-product-tabs-layout-horizontal","16":"first","17":"instock","18":"shipping-taxable","19":"purchasable","20":"product-type-simple"},"_links":{"self":[{"href":"https:\/\/muzeum.stalowawola.pl\/sklep\/wp-json\/wp\/v2\/product\/531","targetHints":{"allow":["GET"]}}],"collection":[{"href":"https:\/\/muzeum.stalowawola.pl\/sklep\/wp-json\/wp\/v2\/product"}],"about":[{"href":"https:\/\/muzeum.stalowawola.pl\/sklep\/wp-json\/wp\/v2\/types\/product"}],"replies":[{"embeddable":true,"href":"https:\/\/muzeum.stalowawola.pl\/sklep\/wp-json\/wp\/v2\/comments?post=531"}],"wp:featuredmedia":[{"embeddable":true,"href":"https:\/\/muzeum.stalowawola.pl\/sklep\/wp-json\/wp\/v2\/media\/728"}],"wp:attachment":[{"href":"https:\/\/muzeum.stalowawola.pl\/sklep\/wp-json\/wp\/v2\/media?parent=531"}],"wp:term":[{"taxonomy":"product_brand","embeddable":true,"href":"https:\/\/muzeum.stalowawola.pl\/sklep\/wp-json\/wp\/v2\/product_brand?post=531"},{"taxonomy":"product_cat","embeddable":true,"href":"https:\/\/muzeum.stalowawola.pl\/sklep\/wp-json\/wp\/v2\/product_cat?post=531"},{"taxonomy":"product_tag","embeddable":true,"href":"https:\/\/muzeum.stalowawola.pl\/sklep\/wp-json\/wp\/v2\/product_tag?post=531"}],"curies":[{"name":"wp","href":"https:\/\/api.w.org\/{rel}","templated":true}]}}