{"id":529,"date":"2025-01-09T10:15:49","date_gmt":"2025-01-09T09:15:49","guid":{"rendered":"https:\/\/muzeum.stalowawola.pl\/sklep\/?post_type=product&#038;p=529"},"modified":"2025-09-09T10:27:02","modified_gmt":"2025-09-09T08:27:02","slug":"sciana-mowi-glosy-nieslyszanych","status":"publish","type":"product","link":"https:\/\/muzeum.stalowawola.pl\/sklep\/produkt\/sciana-mowi-glosy-nieslyszanych\/","title":{"rendered":"\u015aciana m\u00f3wi &#8211; g\u0142osy nies\u0142yszanych"},"content":{"rendered":"<p style=\"font-weight: 400;\">Publikacja \u201e\u015aciana m\u00f3wi. G\u0142osy nies\u0142yszanych\u201d to katalog wystawy eksponowanej w 2016 r. przez Muzeum Regionalne w Stalowej Woli, a tak\u017ce podczas Festiwalu Filmowego \u201eNiepokorni, Niez\u0142omni, Wykl\u0119ci\u201d. Ekspozycja mia\u0142a sw\u00f3j debiut w 2015 r. we Florida Holocaust Museum w St. Petersburgu w USA.<\/p>\n<p style=\"font-weight: 400;\">\u201e\u015aciana m\u00f3wi. G\u0142osy nies\u0142yszanych\u201d to projekt dotycz\u0105cy polskich dzieci i nastolatk\u00f3w, kt\u00f3re prze\u017cy\u0142y II wojn\u0119 \u015bwiatow\u0105. Dotyczy te\u017c wsp\u00f3\u0142czesnych, kt\u00f3rym odbierana jest godno\u015b\u0107 ludzka i kt\u00f3rzy nie mog\u0105 m\u00f3wi\u0107 o swoim losie pe\u0142nym g\u0142osem. Projekt jest efektem kilkuletnich podr\u00f3\u017cy autora \u2013 Wojciecha Sawy.<\/p>\n<p style=\"font-weight: 400;\">Publikacja w j\u0119zyku polskim i angielskim, bogato ilustrowana fotografiami z okresu przedwojennego i wsp\u00f3\u0142czesnymi.<\/p>\n<p style=\"font-weight: 400;\">Redakcja katalogu: Wojciech Sawa, Klara Kopci\u0144ska<\/p>\n","protected":false},"excerpt":{"rendered":"<p>Publikacja \u201e\u015aciana m\u00f3wi. G\u0142osy nies\u0142yszanych\u201d to katalog wystawy eksponowanej w 2016 r. przez Muzeum Regionalne w Stalowej Woli, a tak\u017ce [&hellip;]<\/p>\n","protected":false},"featured_media":737,"comment_status":"closed","ping_status":"closed","template":"","meta":{"site-sidebar-layout":"default","site-content-layout":"","ast-site-content-layout":"default","site-content-style":"default","site-sidebar-style":"default","ast-global-header-display":"","ast-banner-title-visibility":"","ast-main-header-display":"","ast-hfb-above-header-display":"","ast-hfb-below-header-display":"","ast-hfb-mobile-header-display":"","site-post-title":"","ast-breadcrumbs-content":"","ast-featured-img":"","footer-sml-layout":"","ast-disable-related-posts":"","theme-transparent-header-meta":"default","adv-header-id-meta":"","stick-header-meta":"","header-above-stick-meta":"","header-main-stick-meta":"","header-below-stick-meta":"","astra-migrate-meta-layouts":"set","ast-page-background-enabled":"default","ast-page-background-meta":{"desktop":{"background-color":"var(--ast-global-color-4)","background-image":"","background-repeat":"repeat","background-position":"center center","background-size":"auto","background-attachment":"scroll","background-type":"","background-media":"","overlay-type":"","overlay-color":"","overlay-opacity":"","overlay-gradient":""},"tablet":{"background-color":"","background-image":"","background-repeat":"repeat","background-position":"center center","background-size":"auto","background-attachment":"scroll","background-type":"","background-media":"","overlay-type":"","overlay-color":"","overlay-opacity":"","overlay-gradient":""},"mobile":{"background-color":"","background-image":"","background-repeat":"repeat","background-position":"center center","background-size":"auto","background-attachment":"scroll","background-type":"","background-media":"","overlay-type":"","overlay-color":"","overlay-opacity":"","overlay-gradient":""}},"ast-content-background-meta":{"desktop":{"background-color":"var(--ast-global-color-5)","background-image":"","background-repeat":"repeat","background-position":"center center","background-size":"auto","background-attachment":"scroll","background-type":"","background-media":"","overlay-type":"","overlay-color":"","overlay-opacity":"","overlay-gradient":""},"tablet":{"background-color":"var(--ast-global-color-5)","background-image":"","background-repeat":"repeat","background-position":"center center","background-size":"auto","background-attachment":"scroll","background-type":"","background-media":"","overlay-type":"","overlay-color":"","overlay-opacity":"","overlay-gradient":""},"mobile":{"background-color":"var(--ast-global-color-5)","background-image":"","background-repeat":"repeat","background-position":"center center","background-size":"auto","background-attachment":"scroll","background-type":"","background-media":"","overlay-type":"","overlay-color":"","overlay-opacity":"","overlay-gradient":""}}},"product_brand":[],"product_cat":[15,77,69],"product_tag":[],"class_list":{"0":"post-529","1":"product","2":"type-product","3":"status-publish","4":"has-post-thumbnail","6":"product_cat-wydawnictwa","7":"product_cat-historia-pl","8":"product_cat-sztuka-pl","9":"desktop-align-left","10":"tablet-align-left","11":"mobile-align-left","12":"ast-product-gallery-layout-horizontal-slider","13":"ast-product-gallery-with-no-image","14":"ast-product-tabs-layout-horizontal","16":"first","17":"instock","18":"shipping-taxable","19":"purchasable","20":"product-type-simple"},"_links":{"self":[{"href":"https:\/\/muzeum.stalowawola.pl\/sklep\/wp-json\/wp\/v2\/product\/529","targetHints":{"allow":["GET"]}}],"collection":[{"href":"https:\/\/muzeum.stalowawola.pl\/sklep\/wp-json\/wp\/v2\/product"}],"about":[{"href":"https:\/\/muzeum.stalowawola.pl\/sklep\/wp-json\/wp\/v2\/types\/product"}],"replies":[{"embeddable":true,"href":"https:\/\/muzeum.stalowawola.pl\/sklep\/wp-json\/wp\/v2\/comments?post=529"}],"wp:featuredmedia":[{"embeddable":true,"href":"https:\/\/muzeum.stalowawola.pl\/sklep\/wp-json\/wp\/v2\/media\/737"}],"wp:attachment":[{"href":"https:\/\/muzeum.stalowawola.pl\/sklep\/wp-json\/wp\/v2\/media?parent=529"}],"wp:term":[{"taxonomy":"product_brand","embeddable":true,"href":"https:\/\/muzeum.stalowawola.pl\/sklep\/wp-json\/wp\/v2\/product_brand?post=529"},{"taxonomy":"product_cat","embeddable":true,"href":"https:\/\/muzeum.stalowawola.pl\/sklep\/wp-json\/wp\/v2\/product_cat?post=529"},{"taxonomy":"product_tag","embeddable":true,"href":"https:\/\/muzeum.stalowawola.pl\/sklep\/wp-json\/wp\/v2\/product_tag?post=529"}],"curies":[{"name":"wp","href":"https:\/\/api.w.org\/{rel}","templated":true}]}}