{"id":524,"date":"2025-01-09T10:01:08","date_gmt":"2025-01-09T09:01:08","guid":{"rendered":"https:\/\/muzeum.stalowawola.pl\/sklep\/?post_type=product&#038;p=524"},"modified":"2025-09-09T10:29:45","modified_gmt":"2025-09-09T08:29:45","slug":"regionalny-slownik-biograficzny-tom-4","status":"publish","type":"product","link":"https:\/\/muzeum.stalowawola.pl\/sklep\/produkt\/regionalny-slownik-biograficzny-tom-4\/","title":{"rendered":"Regionalny S\u0142ownik Biograficzny tom 4"},"content":{"rendered":"<p><span style=\"font-weight: 400;\">Niniejszy, czwarty tom \u201eRegionalnego s\u0142ownika biograficznego\u201d jest kontynuacj\u0105 cyklicznego wydawnictwa rozpocz\u0119tego w 2009 roku. Publikacja ta prezentuje postaci zwi\u0105zane ze Stalow\u0105 Wol\u0105, Niskiem i okolicami, reprezentuj\u0105ce r\u00f3\u017cne dziedziny \u017cycia spo\u0142ecznego, gospodarczego, naukowego, wojskowo\u015bci czy Ko\u015bcio\u0142a.<\/span><\/p>\n<p style=\"font-weight: 400;\">Publikacja zawiera indeks postaci opisanych w tomach 1-3 S\u0142ownika.<\/p>\n<p style=\"font-weight: 400;\">Format: 23,2 x 15,5 cm; ss. 179; oprawa twarda<\/p>\n<p style=\"font-weight: 400;\">Spis biogram\u00f3w zamieszczonych w tomie IV:<\/p>\n<p style=\"font-weight: 400;\">Chru\u015bciel Stanis\u0142aw (1902-1994)<\/p>\n<p style=\"font-weight: 400;\">Gajda J\u00f3zef \u201eZawisza\u201d (1900-1946)<\/p>\n<p style=\"font-weight: 400;\">Gajda Tadeusz \u201eTarzan\u201d (1924-1946)<\/p>\n<p style=\"font-weight: 400;\">G\u0142owacki Dominik (1905-1989)<\/p>\n<p style=\"font-weight: 400;\">Goetz-Okocimski Jan Albin (1864-1931)<\/p>\n<p style=\"font-weight: 400;\">Horody\u0144ski Bogus\u0142aw Roch J\u00f3zef (1802-1866)<\/p>\n<p style=\"font-weight: 400;\">Jarosz Feliks (1897-1957)<\/p>\n<p style=\"font-weight: 400;\">Jarosz Mieczys\u0142aw (1866-1972)<\/p>\n<p style=\"font-weight: 400;\">Jedli\u0144ski Franciszek Wiktor, w zakonie Honorat (1869-1952)<\/p>\n<p style=\"font-weight: 400;\">Karp W\u0142adys\u0142aw (1928-2014)<\/p>\n<p style=\"font-weight: 400;\">Kirchner Tadeusz Stanis\u0142aw (1891-1940)<\/p>\n<p style=\"font-weight: 400;\">Krynicki Tadeusz (1839-1959)<\/p>\n<p style=\"font-weight: 400;\">Lubomirski Adam Hieronim Karol (1812-1873)<\/p>\n<p style=\"font-weight: 400;\">Madej Leonard (1891-1968)<\/p>\n<p style=\"font-weight: 400;\">Oko\u0144 Eugeniusz (1881-1949)<\/p>\n<p style=\"font-weight: 400;\">Ostrowski W\u0142adys\u0142aw (1906-1969)<\/p>\n<p style=\"font-weight: 400;\">Parysz Stanis\u0142aw, w zakonie Medard (1913-2013)<\/p>\n<p style=\"font-weight: 400;\">Puchalski W\u0142odzimierz (1909-1979)<\/p>\n<p style=\"font-weight: 400;\">Rup Kazimierz (1904-1976)<\/p>\n<p style=\"font-weight: 400;\">Sulerzycki Mieczys\u0142aw (1904-1983)<\/p>\n<p style=\"font-weight: 400;\">\u015alebodzi\u0144ski W\u0142adys\u0142aw (1884-1972)<\/p>\n<p style=\"font-weight: 400;\">\u015awiercz Mieczys\u0142awa (1911-1994)<\/p>\n<p style=\"font-weight: 400;\">Trzebunia Stanis\u0142aw (1888-1960)<\/p>\n<p style=\"font-weight: 400;\">Tymowski Janusz Ernest (1902-1992)<\/p>\n<p style=\"font-weight: 400;\">Wierzbicki Antoni Stefan (1791-1847)<\/p>\n","protected":false},"excerpt":{"rendered":"<p>Niniejszy, czwarty tom \u201eRegionalnego s\u0142ownika biograficznego\u201d jest kontynuacj\u0105 cyklicznego wydawnictwa rozpocz\u0119tego w 2009 roku. Publikacja ta prezentuje postaci zwi\u0105zane ze [&hellip;]<\/p>\n","protected":false},"featured_media":789,"comment_status":"closed","ping_status":"closed","template":"","meta":{"site-sidebar-layout":"default","site-content-layout":"","ast-site-content-layout":"default","site-content-style":"default","site-sidebar-style":"default","ast-global-header-display":"","ast-banner-title-visibility":"","ast-main-header-display":"","ast-hfb-above-header-display":"","ast-hfb-below-header-display":"","ast-hfb-mobile-header-display":"","site-post-title":"","ast-breadcrumbs-content":"","ast-featured-img":"","footer-sml-layout":"","ast-disable-related-posts":"","theme-transparent-header-meta":"default","adv-header-id-meta":"","stick-header-meta":"","header-above-stick-meta":"","header-main-stick-meta":"","header-below-stick-meta":"","astra-migrate-meta-layouts":"set","ast-page-background-enabled":"default","ast-page-background-meta":{"desktop":{"background-color":"var(--ast-global-color-4)","background-image":"","background-repeat":"repeat","background-position":"center center","background-size":"auto","background-attachment":"scroll","background-type":"","background-media":"","overlay-type":"","overlay-color":"","overlay-opacity":"","overlay-gradient":""},"tablet":{"background-color":"","background-image":"","background-repeat":"repeat","background-position":"center center","background-size":"auto","background-attachment":"scroll","background-type":"","background-media":"","overlay-type":"","overlay-color":"","overlay-opacity":"","overlay-gradient":""},"mobile":{"background-color":"","background-image":"","background-repeat":"repeat","background-position":"center center","background-size":"auto","background-attachment":"scroll","background-type":"","background-media":"","overlay-type":"","overlay-color":"","overlay-opacity":"","overlay-gradient":""}},"ast-content-background-meta":{"desktop":{"background-color":"var(--ast-global-color-5)","background-image":"","background-repeat":"repeat","background-position":"center center","background-size":"auto","background-attachment":"scroll","background-type":"","background-media":"","overlay-type":"","overlay-color":"","overlay-opacity":"","overlay-gradient":""},"tablet":{"background-color":"var(--ast-global-color-5)","background-image":"","background-repeat":"repeat","background-position":"center center","background-size":"auto","background-attachment":"scroll","background-type":"","background-media":"","overlay-type":"","overlay-color":"","overlay-opacity":"","overlay-gradient":""},"mobile":{"background-color":"var(--ast-global-color-5)","background-image":"","background-repeat":"repeat","background-position":"center center","background-size":"auto","background-attachment":"scroll","background-type":"","background-media":"","overlay-type":"","overlay-color":"","overlay-opacity":"","overlay-gradient":""}}},"product_brand":[],"product_cat":[15,77,75],"product_tag":[],"class_list":{"0":"post-524","1":"product","2":"type-product","3":"status-publish","4":"has-post-thumbnail","6":"product_cat-wydawnictwa","7":"product_cat-historia-pl","8":"product_cat-stalowa-wola-pl","9":"desktop-align-left","10":"tablet-align-left","11":"mobile-align-left","12":"ast-product-gallery-layout-horizontal-slider","13":"ast-product-gallery-with-no-image","14":"ast-product-tabs-layout-horizontal","16":"first","17":"instock","18":"shipping-taxable","19":"purchasable","20":"product-type-simple"},"_links":{"self":[{"href":"https:\/\/muzeum.stalowawola.pl\/sklep\/wp-json\/wp\/v2\/product\/524","targetHints":{"allow":["GET"]}}],"collection":[{"href":"https:\/\/muzeum.stalowawola.pl\/sklep\/wp-json\/wp\/v2\/product"}],"about":[{"href":"https:\/\/muzeum.stalowawola.pl\/sklep\/wp-json\/wp\/v2\/types\/product"}],"replies":[{"embeddable":true,"href":"https:\/\/muzeum.stalowawola.pl\/sklep\/wp-json\/wp\/v2\/comments?post=524"}],"wp:featuredmedia":[{"embeddable":true,"href":"https:\/\/muzeum.stalowawola.pl\/sklep\/wp-json\/wp\/v2\/media\/789"}],"wp:attachment":[{"href":"https:\/\/muzeum.stalowawola.pl\/sklep\/wp-json\/wp\/v2\/media?parent=524"}],"wp:term":[{"taxonomy":"product_brand","embeddable":true,"href":"https:\/\/muzeum.stalowawola.pl\/sklep\/wp-json\/wp\/v2\/product_brand?post=524"},{"taxonomy":"product_cat","embeddable":true,"href":"https:\/\/muzeum.stalowawola.pl\/sklep\/wp-json\/wp\/v2\/product_cat?post=524"},{"taxonomy":"product_tag","embeddable":true,"href":"https:\/\/muzeum.stalowawola.pl\/sklep\/wp-json\/wp\/v2\/product_tag?post=524"}],"curies":[{"name":"wp","href":"https:\/\/api.w.org\/{rel}","templated":true}]}}