{"id":521,"date":"2025-01-09T09:35:09","date_gmt":"2025-01-09T08:35:09","guid":{"rendered":"https:\/\/muzeum.stalowawola.pl\/sklep\/?post_type=product&#038;p=521"},"modified":"2025-09-09T10:29:56","modified_gmt":"2025-09-09T08:29:56","slug":"regionalny-slownik-biograficzny-tom-2","status":"publish","type":"product","link":"https:\/\/muzeum.stalowawola.pl\/sklep\/produkt\/regionalny-slownik-biograficzny-tom-2\/","title":{"rendered":"Regionalny S\u0142ownik Biograficzny tom 2"},"content":{"rendered":"<p style=\"font-weight: 400;\">Drugi tom S\u0142ownika, podobnie jak pierwszy, zawiera biogramy os\u00f3b zwi\u0105zanych z regionem, kt\u00f3re zaznaczy\u0142y si\u0119 w r\u00f3\u017cnych dziedzinach \u017cycia, w r\u00f3\u017cnym czasie. Uwzgl\u0119dniane s\u0105 wy\u0142\u0105cznie osoby nie\u017cyj\u0105ce co najmniej od 2 lat. Zasi\u0119g terytorialny s\u0142ownika to w przybli\u017ceniu obszar obecnych powiat\u00f3w: stalowowolskiego i ni\u017ca\u0144skiego. Biogramy ilustrowane s\u0105 licznymi fotografiami. S\u0142ownik jest wydawnictwem otwartym o nielimitowanej liczbie tom\u00f3w. Kolejne b\u0119d\u0105 ukazywa\u0107 si\u0119 w nast\u0119pnych latach.<\/p>\n<p style=\"font-weight: 400;\">Format 23 x 15,5 cm; oprawa twarda; ss.168.<\/p>\n<p style=\"font-weight: 400;\">Spis biogram\u00f3w zamieszczonych w tomie II: (mo\u017ce by\u0107 link)<\/p>\n<p style=\"font-weight: 400;\">Barwicki W\u0142adys\u0142aw (1865-1933)<\/p>\n<p style=\"font-weight: 400;\">Bitny-Szlachta Jan (1908-1974)<\/p>\n<p style=\"font-weight: 400;\">Bogus\u0142awski Jan Andrzej (1910-1982)<\/p>\n<p style=\"font-weight: 400;\">Dola\u0144ski Seweryn Feliks (1888-1979)<\/p>\n<p style=\"font-weight: 400;\">G\u0119bala Stanis\u0142aw Stefan (1911-1982)<\/p>\n<p style=\"font-weight: 400;\">Grobel J\u00f3zef (1896-1977)<\/p>\n<p style=\"font-weight: 400;\">Holeksa Alojzy (1913-1943)<\/p>\n<p style=\"font-weight: 400;\">Janik Micha\u0142 (1874-1948)<\/p>\n<p style=\"font-weight: 400;\">Jarosz Stefan (1903-1958)<\/p>\n<p style=\"font-weight: 400;\">Kanarek Rachmiel (1834-1917)<\/p>\n<p style=\"font-weight: 400;\">Kochan Bronis\u0142aw (1916-1990)<\/p>\n<p style=\"font-weight: 400;\">Kuczman J\u00f3zef (1911-1993)<\/p>\n<p style=\"font-weight: 400;\">Lubomirscy Anna (1891-1943) i Jerzy (1882-1944?)<\/p>\n<p style=\"font-weight: 400;\">\u0141ubie\u0144ski Henryk (1793-1883)<\/p>\n<p style=\"font-weight: 400;\">\u0141ukowska Maria Romana (1907-1979)<\/p>\n<p style=\"font-weight: 400;\">Madej Bogdan (1934-2002)<\/p>\n<p style=\"font-weight: 400;\">Olechowski Jan (1890-1919)<\/p>\n<p style=\"font-weight: 400;\">Olszak Feliks (1904-1965)<\/p>\n<p style=\"font-weight: 400;\">Paluch Karol (w zakonie Piotr) (1913-1992)<\/p>\n<p style=\"font-weight: 400;\">Potacza\u0142o Micha\u0142 ks. (1912-1975)<\/p>\n<p style=\"font-weight: 400;\">Sapi\u0144ski Adam (1892-1967)<\/p>\n<p style=\"font-weight: 400;\">Siedlanowski Marceli (1894-1976)<\/p>\n<p style=\"font-weight: 400;\">Stankiewicz Mieczys\u0142aw (1904-1986)<\/p>\n<p style=\"font-weight: 400;\">Ukla\u0144ski Aleksander (1901-1990)<\/p>\n<p style=\"font-weight: 400;\">Wiktor Jan (1890-1967)<\/p>\n<p style=\"font-weight: 400;\">Zawadzki Stanis\u0142aw (1888-1951)<\/p>\n","protected":false},"excerpt":{"rendered":"<p>Drugi tom S\u0142ownika, podobnie jak pierwszy, zawiera biogramy os\u00f3b zwi\u0105zanych z regionem, kt\u00f3re zaznaczy\u0142y si\u0119 w r\u00f3\u017cnych dziedzinach \u017cycia, w [&hellip;]<\/p>\n","protected":false},"featured_media":787,"comment_status":"closed","ping_status":"closed","template":"","meta":{"site-sidebar-layout":"default","site-content-layout":"","ast-site-content-layout":"default","site-content-style":"default","site-sidebar-style":"default","ast-global-header-display":"","ast-banner-title-visibility":"","ast-main-header-display":"","ast-hfb-above-header-display":"","ast-hfb-below-header-display":"","ast-hfb-mobile-header-display":"","site-post-title":"","ast-breadcrumbs-content":"","ast-featured-img":"","footer-sml-layout":"","ast-disable-related-posts":"","theme-transparent-header-meta":"default","adv-header-id-meta":"","stick-header-meta":"","header-above-stick-meta":"","header-main-stick-meta":"","header-below-stick-meta":"","astra-migrate-meta-layouts":"set","ast-page-background-enabled":"default","ast-page-background-meta":{"desktop":{"background-color":"var(--ast-global-color-4)","background-image":"","background-repeat":"repeat","background-position":"center center","background-size":"auto","background-attachment":"scroll","background-type":"","background-media":"","overlay-type":"","overlay-color":"","overlay-opacity":"","overlay-gradient":""},"tablet":{"background-color":"","background-image":"","background-repeat":"repeat","background-position":"center center","background-size":"auto","background-attachment":"scroll","background-type":"","background-media":"","overlay-type":"","overlay-color":"","overlay-opacity":"","overlay-gradient":""},"mobile":{"background-color":"","background-image":"","background-repeat":"repeat","background-position":"center center","background-size":"auto","background-attachment":"scroll","background-type":"","background-media":"","overlay-type":"","overlay-color":"","overlay-opacity":"","overlay-gradient":""}},"ast-content-background-meta":{"desktop":{"background-color":"var(--ast-global-color-5)","background-image":"","background-repeat":"repeat","background-position":"center center","background-size":"auto","background-attachment":"scroll","background-type":"","background-media":"","overlay-type":"","overlay-color":"","overlay-opacity":"","overlay-gradient":""},"tablet":{"background-color":"var(--ast-global-color-5)","background-image":"","background-repeat":"repeat","background-position":"center center","background-size":"auto","background-attachment":"scroll","background-type":"","background-media":"","overlay-type":"","overlay-color":"","overlay-opacity":"","overlay-gradient":""},"mobile":{"background-color":"var(--ast-global-color-5)","background-image":"","background-repeat":"repeat","background-position":"center center","background-size":"auto","background-attachment":"scroll","background-type":"","background-media":"","overlay-type":"","overlay-color":"","overlay-opacity":"","overlay-gradient":""}}},"product_brand":[],"product_cat":[15,77,75],"product_tag":[],"class_list":{"0":"post-521","1":"product","2":"type-product","3":"status-publish","4":"has-post-thumbnail","6":"product_cat-wydawnictwa","7":"product_cat-historia-pl","8":"product_cat-stalowa-wola-pl","9":"desktop-align-left","10":"tablet-align-left","11":"mobile-align-left","12":"ast-product-gallery-layout-horizontal-slider","13":"ast-product-gallery-with-no-image","14":"ast-product-tabs-layout-horizontal","16":"first","17":"instock","18":"shipping-taxable","19":"purchasable","20":"product-type-simple"},"_links":{"self":[{"href":"https:\/\/muzeum.stalowawola.pl\/sklep\/wp-json\/wp\/v2\/product\/521","targetHints":{"allow":["GET"]}}],"collection":[{"href":"https:\/\/muzeum.stalowawola.pl\/sklep\/wp-json\/wp\/v2\/product"}],"about":[{"href":"https:\/\/muzeum.stalowawola.pl\/sklep\/wp-json\/wp\/v2\/types\/product"}],"replies":[{"embeddable":true,"href":"https:\/\/muzeum.stalowawola.pl\/sklep\/wp-json\/wp\/v2\/comments?post=521"}],"wp:featuredmedia":[{"embeddable":true,"href":"https:\/\/muzeum.stalowawola.pl\/sklep\/wp-json\/wp\/v2\/media\/787"}],"wp:attachment":[{"href":"https:\/\/muzeum.stalowawola.pl\/sklep\/wp-json\/wp\/v2\/media?parent=521"}],"wp:term":[{"taxonomy":"product_brand","embeddable":true,"href":"https:\/\/muzeum.stalowawola.pl\/sklep\/wp-json\/wp\/v2\/product_brand?post=521"},{"taxonomy":"product_cat","embeddable":true,"href":"https:\/\/muzeum.stalowawola.pl\/sklep\/wp-json\/wp\/v2\/product_cat?post=521"},{"taxonomy":"product_tag","embeddable":true,"href":"https:\/\/muzeum.stalowawola.pl\/sklep\/wp-json\/wp\/v2\/product_tag?post=521"}],"curies":[{"name":"wp","href":"https:\/\/api.w.org\/{rel}","templated":true}]}}