{"id":520,"date":"2025-01-09T09:30:48","date_gmt":"2025-01-09T08:30:48","guid":{"rendered":"https:\/\/muzeum.stalowawola.pl\/sklep\/?post_type=product&#038;p=520"},"modified":"2025-09-09T10:30:15","modified_gmt":"2025-09-09T08:30:15","slug":"regionalny-slownik-biograficzny-tom-1","status":"publish","type":"product","link":"https:\/\/muzeum.stalowawola.pl\/sklep\/produkt\/regionalny-slownik-biograficzny-tom-1\/","title":{"rendered":"Regionalny S\u0142ownik Biograficzny tom 1"},"content":{"rendered":"<p>Zawiera biogramy os\u00f3b zwi\u0105zanych z regionem, kt\u00f3re zaznaczy\u0142y si\u0119 w r\u00f3\u017cnych dziedzinach \u017cycia i w r\u00f3\u017cnym czasie.<\/p>\n<div>Zasi\u0119g terytorialny s\u0142ownika to w przybli\u017ceniu obszar obecnych powiat\u00f3w: stalowowolskiego i ni\u017ca\u0144skiego.<\/div>\n","protected":false},"excerpt":{"rendered":"<p>Zawiera biogramy os\u00f3b zwi\u0105zanych z regionem, kt\u00f3re zaznaczy\u0142y si\u0119 w r\u00f3\u017cnych dziedzinach \u017cycia i w r\u00f3\u017cnym czasie. Zasi\u0119g terytorialny s\u0142ownika [&hellip;]<\/p>\n","protected":false},"featured_media":786,"comment_status":"closed","ping_status":"closed","template":"","meta":{"site-sidebar-layout":"default","site-content-layout":"","ast-site-content-layout":"default","site-content-style":"default","site-sidebar-style":"default","ast-global-header-display":"","ast-banner-title-visibility":"","ast-main-header-display":"","ast-hfb-above-header-display":"","ast-hfb-below-header-display":"","ast-hfb-mobile-header-display":"","site-post-title":"","ast-breadcrumbs-content":"","ast-featured-img":"","footer-sml-layout":"","ast-disable-related-posts":"","theme-transparent-header-meta":"default","adv-header-id-meta":"","stick-header-meta":"","header-above-stick-meta":"","header-main-stick-meta":"","header-below-stick-meta":"","astra-migrate-meta-layouts":"set","ast-page-background-enabled":"default","ast-page-background-meta":{"desktop":{"background-color":"var(--ast-global-color-4)","background-image":"","background-repeat":"repeat","background-position":"center center","background-size":"auto","background-attachment":"scroll","background-type":"","background-media":"","overlay-type":"","overlay-color":"","overlay-opacity":"","overlay-gradient":""},"tablet":{"background-color":"","background-image":"","background-repeat":"repeat","background-position":"center center","background-size":"auto","background-attachment":"scroll","background-type":"","background-media":"","overlay-type":"","overlay-color":"","overlay-opacity":"","overlay-gradient":""},"mobile":{"background-color":"","background-image":"","background-repeat":"repeat","background-position":"center center","background-size":"auto","background-attachment":"scroll","background-type":"","background-media":"","overlay-type":"","overlay-color":"","overlay-opacity":"","overlay-gradient":""}},"ast-content-background-meta":{"desktop":{"background-color":"var(--ast-global-color-5)","background-image":"","background-repeat":"repeat","background-position":"center center","background-size":"auto","background-attachment":"scroll","background-type":"","background-media":"","overlay-type":"","overlay-color":"","overlay-opacity":"","overlay-gradient":""},"tablet":{"background-color":"var(--ast-global-color-5)","background-image":"","background-repeat":"repeat","background-position":"center center","background-size":"auto","background-attachment":"scroll","background-type":"","background-media":"","overlay-type":"","overlay-color":"","overlay-opacity":"","overlay-gradient":""},"mobile":{"background-color":"var(--ast-global-color-5)","background-image":"","background-repeat":"repeat","background-position":"center center","background-size":"auto","background-attachment":"scroll","background-type":"","background-media":"","overlay-type":"","overlay-color":"","overlay-opacity":"","overlay-gradient":""}}},"product_brand":[],"product_cat":[15,77,75],"product_tag":[],"class_list":{"0":"post-520","1":"product","2":"type-product","3":"status-publish","4":"has-post-thumbnail","6":"product_cat-wydawnictwa","7":"product_cat-historia-pl","8":"product_cat-stalowa-wola-pl","9":"desktop-align-left","10":"tablet-align-left","11":"mobile-align-left","12":"ast-product-gallery-layout-horizontal-slider","13":"ast-product-gallery-with-no-image","14":"ast-product-tabs-layout-horizontal","16":"first","17":"instock","18":"shipping-taxable","19":"purchasable","20":"product-type-simple"},"_links":{"self":[{"href":"https:\/\/muzeum.stalowawola.pl\/sklep\/wp-json\/wp\/v2\/product\/520","targetHints":{"allow":["GET"]}}],"collection":[{"href":"https:\/\/muzeum.stalowawola.pl\/sklep\/wp-json\/wp\/v2\/product"}],"about":[{"href":"https:\/\/muzeum.stalowawola.pl\/sklep\/wp-json\/wp\/v2\/types\/product"}],"replies":[{"embeddable":true,"href":"https:\/\/muzeum.stalowawola.pl\/sklep\/wp-json\/wp\/v2\/comments?post=520"}],"wp:featuredmedia":[{"embeddable":true,"href":"https:\/\/muzeum.stalowawola.pl\/sklep\/wp-json\/wp\/v2\/media\/786"}],"wp:attachment":[{"href":"https:\/\/muzeum.stalowawola.pl\/sklep\/wp-json\/wp\/v2\/media?parent=520"}],"wp:term":[{"taxonomy":"product_brand","embeddable":true,"href":"https:\/\/muzeum.stalowawola.pl\/sklep\/wp-json\/wp\/v2\/product_brand?post=520"},{"taxonomy":"product_cat","embeddable":true,"href":"https:\/\/muzeum.stalowawola.pl\/sklep\/wp-json\/wp\/v2\/product_cat?post=520"},{"taxonomy":"product_tag","embeddable":true,"href":"https:\/\/muzeum.stalowawola.pl\/sklep\/wp-json\/wp\/v2\/product_tag?post=520"}],"curies":[{"name":"wp","href":"https:\/\/api.w.org\/{rel}","templated":true}]}}