{"id":519,"date":"2025-01-09T09:22:10","date_gmt":"2025-01-09T08:22:10","guid":{"rendered":"https:\/\/muzeum.stalowawola.pl\/sklep\/?post_type=product&#038;p=519"},"modified":"2026-02-09T08:08:19","modified_gmt":"2026-02-09T07:08:19","slug":"regionalny-slownik-biograficzny-tom-3","status":"publish","type":"product","link":"https:\/\/muzeum.stalowawola.pl\/sklep\/produkt\/regionalny-slownik-biograficzny-tom-3\/","title":{"rendered":"Regionalny S\u0142ownik Biograficzny tom 3"},"content":{"rendered":"<div>Niniejszy, trzeci tom &#8220;Regionalnego s\u0142ownika biograficznego&#8221; jest kontynuacj\u0105 cyklicznego wydawnictwa rozpocz\u0119tego w 2009 roku. Publikacja ta prezentuje postaci zwi\u0105zane ze Stalow\u0105 Wol\u0105, Niskiem i okolicami, osoby warte zapami\u0119tania, a niejednokrotnie wr\u0119cz wymagaj\u0105ce przypomnienia. S\u0142ownik przybli\u017ca historie ludzi, kt\u00f3rzy swoj\u0105 prac\u0105 czy dzia\u0142alno\u015bci\u0105 wp\u0142ywali na losy innych, kszta\u0142towali czasy, w jakich \u017cyli, pozostawili po sobie spu\u015bcizn\u0119, dzi\u015b niekiedy zapomnian\u0105 lub pomijan\u0105. Pewne nazwiska znamy \u015bwietnie, ale s\u0105 i tacy, kt\u00f3rych odkryte historie z pewno\u015bci\u0105 zrobi\u0105 wra\u017cenie na czytelnikach.<\/div>\n<div><\/div>\n<div>Postaci dobrane zosta\u0142y w taki spos\u00f3b, by byli w\u015br\u00f3d nich ludzie reprezentuj\u0105cy r\u00f3\u017cne dziedziny \u017cycia spo\u0142ecznego, gospodarczego, publicznego, zawodowego, a tak\u017ce r\u00f3\u017cne okresy historyczne: w tym tomie jest to rozpi\u0119to\u015b\u0107 kilkuset lat, od prze\u0142omu XIV\/XV w. do XXI.<\/div>\n<div><\/div>\n<div>Publikacja zawiera indeks postaci opisanych w poprzednich cz\u0119\u015bciach.<\/div>\n<div><\/div>\n<div>Format: 23,2 x 15,7 cm; ss. 158; oprawa twarda<\/div>\n<div><\/div>\n<div><\/div>\n<div><\/div>\n<div>Spis biogram\u00f3w zamieszczonych w tomie III:<\/div>\n<div><\/div>\n<div>Babiak Zofia (1905\u20131954)<\/div>\n<div><\/div>\n<div>Bieniek J\u00f3zef (1892\u20131941)<\/div>\n<div><\/div>\n<div>Czy\u017cowski Jan (ok. 1390\u20131458)<\/div>\n<div><\/div>\n<div>D\u0119bicka El\u017cbieta Jaksa (1885\u20131954)<\/div>\n<div><\/div>\n<div>Dukiet Micha\u0142 (1864\u20131933)<\/div>\n<div><\/div>\n<div>Gisges Jan Maria (1914\u20131983)<\/div>\n<div><\/div>\n<div>Jachimowski J\u00f3zef (1852\u20131919)<\/div>\n<div><\/div>\n<div>Jackowski Roman (1925\u20132012)<\/div>\n<div><\/div>\n<div>Jasi\u0144ski J\u00f3zef (1828\u20131898)<\/div>\n<div><\/div>\n<div>K\u0119dzior J\u00f3zef (1897\u20131966)<\/div>\n<div><\/div>\n<div>Kleman Balbina (1855?\u20131943)<\/div>\n<div><\/div>\n<div>Kruszelnicka Salomea (1872\u20131952)<\/div>\n<div><\/div>\n<div>Latawiec Bronis\u0142aw (1908\u20131984)<\/div>\n<div><\/div>\n<div>L\u0105dowicz Franciszek Jan (1913\u20131973)<\/div>\n<div><\/div>\n<div>Londo\u0144ski Zdzis\u0142aw (1888\u20131941)<\/div>\n<div><\/div>\n<div>Ma\u0142achowski Adam (1706\u20131767)<\/div>\n<div><\/div>\n<div>Pniowski Jan (ok. 1408\u20131476)<\/div>\n<div><\/div>\n<div>Rafa\u0142owicz Jan (1761\u20131831)<\/div>\n<div><\/div>\n<div>Sarna J\u00f3zef (1910\u20131939)<\/div>\n<div><\/div>\n<div>Szubarga W\u0142adys\u0142aw (1912\u20131991)<\/div>\n<div><\/div>\n<div>Szurek W\u0142adys\u0142aw (1900\u20131967)<\/div>\n<div><\/div>\n<div>Tomaszewski Juliusz (1888\u20131940)<\/div>\n<div><\/div>\n<div>Trondowski Stanis\u0142aw (1909\u20131982)<\/div>\n<div><\/div>\n<div>\u017bu\u0142awski Miros\u0142aw (1913\u20131995)<\/div>\n","protected":false},"excerpt":{"rendered":"<p>Niniejszy, trzeci tom &#8220;Regionalnego s\u0142ownika biograficznego&#8221; jest kontynuacj\u0105 cyklicznego wydawnictwa rozpocz\u0119tego w 2009 roku. Publikacja ta prezentuje postaci zwi\u0105zane ze [&hellip;]<\/p>\n","protected":false},"featured_media":0,"comment_status":"closed","ping_status":"closed","template":"","meta":{"site-sidebar-layout":"default","site-content-layout":"","ast-site-content-layout":"default","site-content-style":"default","site-sidebar-style":"default","ast-global-header-display":"","ast-banner-title-visibility":"","ast-main-header-display":"","ast-hfb-above-header-display":"","ast-hfb-below-header-display":"","ast-hfb-mobile-header-display":"","site-post-title":"","ast-breadcrumbs-content":"","ast-featured-img":"","footer-sml-layout":"","ast-disable-related-posts":"","theme-transparent-header-meta":"default","adv-header-id-meta":"","stick-header-meta":"","header-above-stick-meta":"","header-main-stick-meta":"","header-below-stick-meta":"","astra-migrate-meta-layouts":"set","ast-page-background-enabled":"default","ast-page-background-meta":{"desktop":{"background-color":"var(--ast-global-color-4)","background-image":"","background-repeat":"repeat","background-position":"center center","background-size":"auto","background-attachment":"scroll","background-type":"","background-media":"","overlay-type":"","overlay-color":"","overlay-opacity":"","overlay-gradient":""},"tablet":{"background-color":"","background-image":"","background-repeat":"repeat","background-position":"center center","background-size":"auto","background-attachment":"scroll","background-type":"","background-media":"","overlay-type":"","overlay-color":"","overlay-opacity":"","overlay-gradient":""},"mobile":{"background-color":"","background-image":"","background-repeat":"repeat","background-position":"center center","background-size":"auto","background-attachment":"scroll","background-type":"","background-media":"","overlay-type":"","overlay-color":"","overlay-opacity":"","overlay-gradient":""}},"ast-content-background-meta":{"desktop":{"background-color":"var(--ast-global-color-5)","background-image":"","background-repeat":"repeat","background-position":"center center","background-size":"auto","background-attachment":"scroll","background-type":"","background-media":"","overlay-type":"","overlay-color":"","overlay-opacity":"","overlay-gradient":""},"tablet":{"background-color":"var(--ast-global-color-5)","background-image":"","background-repeat":"repeat","background-position":"center center","background-size":"auto","background-attachment":"scroll","background-type":"","background-media":"","overlay-type":"","overlay-color":"","overlay-opacity":"","overlay-gradient":""},"mobile":{"background-color":"var(--ast-global-color-5)","background-image":"","background-repeat":"repeat","background-position":"center center","background-size":"auto","background-attachment":"scroll","background-type":"","background-media":"","overlay-type":"","overlay-color":"","overlay-opacity":"","overlay-gradient":""}}},"product_brand":[],"product_cat":[15,77,75],"product_tag":[],"class_list":{"0":"post-519","1":"product","2":"type-product","3":"status-publish","5":"product_cat-wydawnictwa","6":"product_cat-historia-pl","7":"product_cat-stalowa-wola-pl","8":"desktop-align-left","9":"tablet-align-left","10":"mobile-align-left","11":"ast-product-gallery-layout-horizontal-slider","12":"ast-product-gallery-with-no-image","13":"ast-product-tabs-layout-horizontal","15":"first","16":"instock","17":"shipping-taxable","18":"purchasable","19":"product-type-simple"},"_links":{"self":[{"href":"https:\/\/muzeum.stalowawola.pl\/sklep\/wp-json\/wp\/v2\/product\/519","targetHints":{"allow":["GET"]}}],"collection":[{"href":"https:\/\/muzeum.stalowawola.pl\/sklep\/wp-json\/wp\/v2\/product"}],"about":[{"href":"https:\/\/muzeum.stalowawola.pl\/sklep\/wp-json\/wp\/v2\/types\/product"}],"replies":[{"embeddable":true,"href":"https:\/\/muzeum.stalowawola.pl\/sklep\/wp-json\/wp\/v2\/comments?post=519"}],"wp:attachment":[{"href":"https:\/\/muzeum.stalowawola.pl\/sklep\/wp-json\/wp\/v2\/media?parent=519"}],"wp:term":[{"taxonomy":"product_brand","embeddable":true,"href":"https:\/\/muzeum.stalowawola.pl\/sklep\/wp-json\/wp\/v2\/product_brand?post=519"},{"taxonomy":"product_cat","embeddable":true,"href":"https:\/\/muzeum.stalowawola.pl\/sklep\/wp-json\/wp\/v2\/product_cat?post=519"},{"taxonomy":"product_tag","embeddable":true,"href":"https:\/\/muzeum.stalowawola.pl\/sklep\/wp-json\/wp\/v2\/product_tag?post=519"}],"curies":[{"name":"wp","href":"https:\/\/api.w.org\/{rel}","templated":true}]}}