{"id":516,"date":"2025-03-26T10:37:44","date_gmt":"2025-03-26T09:37:44","guid":{"rendered":"https:\/\/muzeum.stalowawola.pl\/sklep\/?post_type=product&#038;p=516"},"modified":"2026-03-17T22:08:54","modified_gmt":"2026-03-17T21:08:54","slug":"radomysl-nad-sanem-dzieje-miasta-i-parafii-stanislaw-myszka","status":"publish","type":"product","link":"https:\/\/muzeum.stalowawola.pl\/sklep\/produkt\/radomysl-nad-sanem-dzieje-miasta-i-parafii-stanislaw-myszka\/","title":{"rendered":"Radomy\u015bl nad Sanem. Dzieje miasta i parafii, Stanis\u0142aw Myszka"},"content":{"rendered":"<p>Opracowanie przybli\u017caj\u0105ce histori\u0119 Radomy\u015bla od lokacji, dokonanej w 1556r przez Jakuba Sienie\u0144skiego, do wsp\u00f3\u0142czesno\u015bci. Istotn\u0105 cz\u0119\u015b\u0107 ksi\u0105\u017cki stanowi historia parafii, erygowanej w 1614, w kt\u00f3r\u0105 wpisa\u0142 si\u0119 te\u017c zakon augustian\u00f3w. Ponadto przedstawione zosta\u0142y dzieje wsi le\u017c\u0105cych na terenie radomyskiej parafii: \u017babna, Nowin i Grabczyn. Ca\u0142o\u015b\u0107 uzupe\u0142niaj\u0105 wykazy parafialne i fotografie.<\/p>\n","protected":false},"excerpt":{"rendered":"<p>Opracowanie przybli\u017caj\u0105ce histori\u0119 Radomy\u015bla od lokacji, dokonanej w 1556r przez Jakuba Sienie\u0144skiego, do wsp\u00f3\u0142czesno\u015bci. Istotn\u0105 cz\u0119\u015b\u0107 ksi\u0105\u017cki stanowi historia parafii, [&hellip;]<\/p>\n","protected":false},"featured_media":723,"comment_status":"closed","ping_status":"closed","template":"","meta":{"site-sidebar-layout":"default","site-content-layout":"","ast-site-content-layout":"default","site-content-style":"default","site-sidebar-style":"default","ast-global-header-display":"","ast-banner-title-visibility":"","ast-main-header-display":"","ast-hfb-above-header-display":"","ast-hfb-below-header-display":"","ast-hfb-mobile-header-display":"","site-post-title":"","ast-breadcrumbs-content":"","ast-featured-img":"","footer-sml-layout":"","ast-disable-related-posts":"","theme-transparent-header-meta":"default","adv-header-id-meta":"","stick-header-meta":"","header-above-stick-meta":"","header-main-stick-meta":"","header-below-stick-meta":"","astra-migrate-meta-layouts":"set","ast-page-background-enabled":"default","ast-page-background-meta":{"desktop":{"background-color":"var(--ast-global-color-4)","background-image":"","background-repeat":"repeat","background-position":"center center","background-size":"auto","background-attachment":"scroll","background-type":"","background-media":"","overlay-type":"","overlay-color":"","overlay-opacity":"","overlay-gradient":""},"tablet":{"background-color":"","background-image":"","background-repeat":"repeat","background-position":"center center","background-size":"auto","background-attachment":"scroll","background-type":"","background-media":"","overlay-type":"","overlay-color":"","overlay-opacity":"","overlay-gradient":""},"mobile":{"background-color":"","background-image":"","background-repeat":"repeat","background-position":"center center","background-size":"auto","background-attachment":"scroll","background-type":"","background-media":"","overlay-type":"","overlay-color":"","overlay-opacity":"","overlay-gradient":""}},"ast-content-background-meta":{"desktop":{"background-color":"var(--ast-global-color-5)","background-image":"","background-repeat":"repeat","background-position":"center center","background-size":"auto","background-attachment":"scroll","background-type":"","background-media":"","overlay-type":"","overlay-color":"","overlay-opacity":"","overlay-gradient":""},"tablet":{"background-color":"var(--ast-global-color-5)","background-image":"","background-repeat":"repeat","background-position":"center center","background-size":"auto","background-attachment":"scroll","background-type":"","background-media":"","overlay-type":"","overlay-color":"","overlay-opacity":"","overlay-gradient":""},"mobile":{"background-color":"var(--ast-global-color-5)","background-image":"","background-repeat":"repeat","background-position":"center center","background-size":"auto","background-attachment":"scroll","background-type":"","background-media":"","overlay-type":"","overlay-color":"","overlay-opacity":"","overlay-gradient":""}}},"product_brand":[],"product_cat":[15,77],"product_tag":[],"class_list":{"0":"post-516","1":"product","2":"type-product","3":"status-publish","4":"has-post-thumbnail","6":"product_cat-wydawnictwa","7":"product_cat-historia-pl","8":"desktop-align-left","9":"tablet-align-left","10":"mobile-align-left","11":"ast-product-gallery-layout-horizontal-slider","12":"ast-product-gallery-with-no-image","13":"ast-product-tabs-layout-horizontal","15":"first","16":"instock","17":"shipping-taxable","18":"purchasable","19":"product-type-simple"},"_links":{"self":[{"href":"https:\/\/muzeum.stalowawola.pl\/sklep\/wp-json\/wp\/v2\/product\/516","targetHints":{"allow":["GET"]}}],"collection":[{"href":"https:\/\/muzeum.stalowawola.pl\/sklep\/wp-json\/wp\/v2\/product"}],"about":[{"href":"https:\/\/muzeum.stalowawola.pl\/sklep\/wp-json\/wp\/v2\/types\/product"}],"replies":[{"embeddable":true,"href":"https:\/\/muzeum.stalowawola.pl\/sklep\/wp-json\/wp\/v2\/comments?post=516"}],"wp:featuredmedia":[{"embeddable":true,"href":"https:\/\/muzeum.stalowawola.pl\/sklep\/wp-json\/wp\/v2\/media\/723"}],"wp:attachment":[{"href":"https:\/\/muzeum.stalowawola.pl\/sklep\/wp-json\/wp\/v2\/media?parent=516"}],"wp:term":[{"taxonomy":"product_brand","embeddable":true,"href":"https:\/\/muzeum.stalowawola.pl\/sklep\/wp-json\/wp\/v2\/product_brand?post=516"},{"taxonomy":"product_cat","embeddable":true,"href":"https:\/\/muzeum.stalowawola.pl\/sklep\/wp-json\/wp\/v2\/product_cat?post=516"},{"taxonomy":"product_tag","embeddable":true,"href":"https:\/\/muzeum.stalowawola.pl\/sklep\/wp-json\/wp\/v2\/product_tag?post=516"}],"curies":[{"name":"wp","href":"https:\/\/api.w.org\/{rel}","templated":true}]}}