{"id":513,"date":"2025-01-08T13:31:20","date_gmt":"2025-01-08T12:31:20","guid":{"rendered":"https:\/\/muzeum.stalowawola.pl\/sklep\/?post_type=product&#038;p=513"},"modified":"2026-03-20T12:10:13","modified_gmt":"2026-03-20T11:10:13","slug":"poznajemy-cop-i-stalowa-wole","status":"publish","type":"product","link":"https:\/\/muzeum.stalowawola.pl\/sklep\/produkt\/poznajemy-cop-i-stalowa-wole\/","title":{"rendered":"Poznajemy COP i Stalow\u0105 Wol\u0119"},"content":{"rendered":"<p>Wydawnictwo przygotowane przy okazji obchodzonych rocznic powstania Centralnego Okr\u0119gu Przemys\u0142owego, Stalowej Woli i Zak\u0142ad\u00f3w Po\u0142udniowych, z my\u015bl\u0105 o najm\u0142odszych mieszka\u0144cach naszego grodu. Ten historyczny przewodnik przeznaczony jest przede wszystkim dla dzieci i m\u0142odzie\u017cy, lecz jego otwarta formu\u0142a sprawia, \u017ce przeczyta\u0107 go mo\u017ce ka\u017cdy \u2013 w przedziale wieku od lat 5 do 105 \u2013 i z pewno\u015bci\u0105 dowie si\u0119 ze\u0144 czego\u015b dla siebie interesuj\u0105cego. M\u0142odzi bohaterowie ksi\u0105\u017cki robi\u0105 sobie wirtualn\u0105 podr\u00f3\u017c po miejscach zwi\u0105zanych z COPem, odwiedzaj\u0105c miejscowo\u015bci, w kt\u00f3rych w latach 30. XX wieku powsta\u0142y nowoczesne fabryki i poznaj\u0105 mn\u00f3stwo ciekawostek z nimi zwi\u0105zanych. W drugiej cz\u0119\u015bci grupa przyjaci\u00f3\u0142 wyrusza na wycieczk\u0119 po Stalowej Woli, w poszukiwaniu historycznych \u015blad\u00f3w. Tropi\u0105c je, zdobywa wiedz\u0119 o dawnych czasach i ludziach, odkrywa nieznane miejsca, zapoznaj\u0105c si\u0119 z dziejami swojej \u201ema\u0142ej ojczyzny\u201d i\u2026 dobrze si\u0119 przy tym bawi\u0105c. Ksi\u0105\u017cka nie ogranicza si\u0119 jedynie do prezentacji wiedzy o regionie, mo\u017cna znale\u017a\u0107 w niej wiele informacji z dziedziny historii, etnografii czy archeologii, opowiada bowiem i o Puszczy Sandomierskiej, o Lasowiakach, o dziejach wsi P\u0142awo, czy te\u017c o tym jak pracuje huta, wi\u0119c jej walory edukacyjne maj\u0105 znacznie bardziej uniwersalny charakter. Autorem tekstu jest Marek Wiatrowicz, za\u015b \u015bci\u015ble nawi\u0105zuj\u0105ca do tematu szat\u0119 graficzn\u0105 opracowa\u0142a Katarzyna Bogucka, jedna z najlepszych polskich ilustratorek wydawnictw nie tylko dzieci\u0119cych. Ksi\u0105\u017cka stanowi\u0107 wi\u0119c mo\u017ce dla m\u0142odego czytelnika ciekaw\u0105 propozycj\u0119 na sp\u0119dzenie wolnego czasu, daj\u0105c\u0105 szanse na poszerzenie wiedzy o regionie. Publikacja stanowi kontynuacj\u0119 muzealnego projektu Zapraszamy do Stalowej Woli, kt\u00f3ry zapocz\u0105tkowa\u0142o wydanie \u201ePrzewodnika ekonomicznego dla dzieci\u201d, zaznajamiaj\u0105cego m\u0142odego czytelnika z histori\u0105 pieni\u0105dza, rodzajami \u015brodk\u00f3w p\u0142atniczych i w przyst\u0119pny spos\u00f3b t\u0142umacz\u0105cego zawi\u0142o\u015bci poj\u0119\u0107 ekonomicznych. Z jubileuszowej okazji, pierwsi nabywcy przewodnika historycznego dla dzieci i m\u0142odzie\u017cy. \u201ePoznajemy COP i Stalow\u0105 Wol\u0119\u201d, przewodnik ekonomiczny otrzymaj\u0105 w prezencie.<\/p>\n<p>Tekst: Marek Wiatrowicz<\/p>\n<p>Ilustracje: Katarzyna Bogucka<\/p>\n","protected":false},"excerpt":{"rendered":"<p>Wydawnictwo przygotowane przy okazji obchodzonych rocznic powstania Centralnego Okr\u0119gu Przemys\u0142owego, Stalowej Woli i Zak\u0142ad\u00f3w Po\u0142udniowych, z my\u015bl\u0105 o najm\u0142odszych mieszka\u0144cach [&hellip;]<\/p>\n","protected":false},"featured_media":720,"comment_status":"closed","ping_status":"closed","template":"","meta":{"site-sidebar-layout":"default","site-content-layout":"","ast-site-content-layout":"default","site-content-style":"default","site-sidebar-style":"default","ast-global-header-display":"","ast-banner-title-visibility":"","ast-main-header-display":"","ast-hfb-above-header-display":"","ast-hfb-below-header-display":"","ast-hfb-mobile-header-display":"","site-post-title":"","ast-breadcrumbs-content":"","ast-featured-img":"","footer-sml-layout":"","ast-disable-related-posts":"","theme-transparent-header-meta":"default","adv-header-id-meta":"","stick-header-meta":"","header-above-stick-meta":"","header-main-stick-meta":"","header-below-stick-meta":"","astra-migrate-meta-layouts":"set","ast-page-background-enabled":"default","ast-page-background-meta":{"desktop":{"background-color":"var(--ast-global-color-4)","background-image":"","background-repeat":"repeat","background-position":"center center","background-size":"auto","background-attachment":"scroll","background-type":"","background-media":"","overlay-type":"","overlay-color":"","overlay-opacity":"","overlay-gradient":""},"tablet":{"background-color":"","background-image":"","background-repeat":"repeat","background-position":"center center","background-size":"auto","background-attachment":"scroll","background-type":"","background-media":"","overlay-type":"","overlay-color":"","overlay-opacity":"","overlay-gradient":""},"mobile":{"background-color":"","background-image":"","background-repeat":"repeat","background-position":"center center","background-size":"auto","background-attachment":"scroll","background-type":"","background-media":"","overlay-type":"","overlay-color":"","overlay-opacity":"","overlay-gradient":""}},"ast-content-background-meta":{"desktop":{"background-color":"var(--ast-global-color-5)","background-image":"","background-repeat":"repeat","background-position":"center center","background-size":"auto","background-attachment":"scroll","background-type":"","background-media":"","overlay-type":"","overlay-color":"","overlay-opacity":"","overlay-gradient":""},"tablet":{"background-color":"var(--ast-global-color-5)","background-image":"","background-repeat":"repeat","background-position":"center center","background-size":"auto","background-attachment":"scroll","background-type":"","background-media":"","overlay-type":"","overlay-color":"","overlay-opacity":"","overlay-gradient":""},"mobile":{"background-color":"var(--ast-global-color-5)","background-image":"","background-repeat":"repeat","background-position":"center center","background-size":"auto","background-attachment":"scroll","background-type":"","background-media":"","overlay-type":"","overlay-color":"","overlay-opacity":"","overlay-gradient":""}}},"product_brand":[],"product_cat":[15,53,75],"product_tag":[],"class_list":{"0":"post-513","1":"product","2":"type-product","3":"status-publish","4":"has-post-thumbnail","6":"product_cat-wydawnictwa","7":"product_cat-centralny-okreg-przemyslowy-pl","8":"product_cat-stalowa-wola-pl","9":"desktop-align-left","10":"tablet-align-left","11":"mobile-align-left","12":"ast-product-gallery-layout-horizontal-slider","13":"ast-product-gallery-with-no-image","14":"ast-product-tabs-layout-horizontal","16":"first","17":"outofstock","18":"shipping-taxable","19":"purchasable","20":"product-type-simple"},"_links":{"self":[{"href":"https:\/\/muzeum.stalowawola.pl\/sklep\/wp-json\/wp\/v2\/product\/513","targetHints":{"allow":["GET"]}}],"collection":[{"href":"https:\/\/muzeum.stalowawola.pl\/sklep\/wp-json\/wp\/v2\/product"}],"about":[{"href":"https:\/\/muzeum.stalowawola.pl\/sklep\/wp-json\/wp\/v2\/types\/product"}],"replies":[{"embeddable":true,"href":"https:\/\/muzeum.stalowawola.pl\/sklep\/wp-json\/wp\/v2\/comments?post=513"}],"wp:featuredmedia":[{"embeddable":true,"href":"https:\/\/muzeum.stalowawola.pl\/sklep\/wp-json\/wp\/v2\/media\/720"}],"wp:attachment":[{"href":"https:\/\/muzeum.stalowawola.pl\/sklep\/wp-json\/wp\/v2\/media?parent=513"}],"wp:term":[{"taxonomy":"product_brand","embeddable":true,"href":"https:\/\/muzeum.stalowawola.pl\/sklep\/wp-json\/wp\/v2\/product_brand?post=513"},{"taxonomy":"product_cat","embeddable":true,"href":"https:\/\/muzeum.stalowawola.pl\/sklep\/wp-json\/wp\/v2\/product_cat?post=513"},{"taxonomy":"product_tag","embeddable":true,"href":"https:\/\/muzeum.stalowawola.pl\/sklep\/wp-json\/wp\/v2\/product_tag?post=513"}],"curies":[{"name":"wp","href":"https:\/\/api.w.org\/{rel}","templated":true}]}}