{"id":507,"date":"2025-01-08T11:56:41","date_gmt":"2025-01-08T10:56:41","guid":{"rendered":"https:\/\/muzeum.stalowawola.pl\/sklep\/?post_type=product&#038;p=507"},"modified":"2025-12-28T16:18:41","modified_gmt":"2025-12-28T15:18:41","slug":"od-niepodleglosci-do-nowoczesnosci-centralny-okreg-przemyslowy-1937-1939marek-wiatrowicz","status":"publish","type":"product","link":"https:\/\/muzeum.stalowawola.pl\/sklep\/produkt\/od-niepodleglosci-do-nowoczesnosci-centralny-okreg-przemyslowy-1937-1939marek-wiatrowicz\/","title":{"rendered":"Od niepodleg\u0142o\u015bci do nowoczesno\u015bci. Centralny Okr\u0119g Przemys\u0142owy 1937-1939;Marek Wiatrowicz"},"content":{"rendered":"<div>Drugie wydanie albumu zawiera przedwojenne, cz\u0119sto niepublikowane dot\u0105d fotografie, ukazuj\u0105ce industrializacj\u0119 w tr\u00f3jk\u0105cie bezpiecze\u0144stwa, budow\u0119 COP, funkcjonowanie wzniesionych zak\u0142ad\u00f3w, a tak\u017ce styl i obyczaje tamtych lat. Zdj\u0119ciom towarzysz\u0105 kr\u00f3tkie komentarze, a cz\u0119\u015b\u0107 fotograficzn\u0105 poprzedza kr\u00f3tki szkic pi\u00f3ra prof. Jerzego Go\u0142\u0119biowskiego, wybitnego znawcy tematu. Dope\u0142nienie stanowi\u0105 zwi\u0119z\u0142e noty biograficzne tw\u00f3rc\u00f3w COP, a tak\u017ce kr\u00f3tkie informacje o zak\u0142adach COP i ich dalszych losach. Ca\u0142o\u015b\u0107 opublikowana zosta\u0142a w j\u0119zyku polskim i angielskim.<\/div>\n<div><\/div>\n","protected":false},"excerpt":{"rendered":"<p>Drugie wydanie albumu zawiera przedwojenne, cz\u0119sto niepublikowane dot\u0105d fotografie, ukazuj\u0105ce industrializacj\u0119 w tr\u00f3jk\u0105cie bezpiecze\u0144stwa, budow\u0119 COP, funkcjonowanie wzniesionych zak\u0142ad\u00f3w, a [&hellip;]<\/p>\n","protected":false},"featured_media":709,"comment_status":"closed","ping_status":"closed","template":"","meta":{"site-sidebar-layout":"default","site-content-layout":"","ast-site-content-layout":"default","site-content-style":"default","site-sidebar-style":"default","ast-global-header-display":"","ast-banner-title-visibility":"","ast-main-header-display":"","ast-hfb-above-header-display":"","ast-hfb-below-header-display":"","ast-hfb-mobile-header-display":"","site-post-title":"","ast-breadcrumbs-content":"","ast-featured-img":"","footer-sml-layout":"","ast-disable-related-posts":"","theme-transparent-header-meta":"default","adv-header-id-meta":"","stick-header-meta":"","header-above-stick-meta":"","header-main-stick-meta":"","header-below-stick-meta":"","astra-migrate-meta-layouts":"set","ast-page-background-enabled":"default","ast-page-background-meta":{"desktop":{"background-color":"var(--ast-global-color-4)","background-image":"","background-repeat":"repeat","background-position":"center center","background-size":"auto","background-attachment":"scroll","background-type":"","background-media":"","overlay-type":"","overlay-color":"","overlay-opacity":"","overlay-gradient":""},"tablet":{"background-color":"","background-image":"","background-repeat":"repeat","background-position":"center center","background-size":"auto","background-attachment":"scroll","background-type":"","background-media":"","overlay-type":"","overlay-color":"","overlay-opacity":"","overlay-gradient":""},"mobile":{"background-color":"","background-image":"","background-repeat":"repeat","background-position":"center center","background-size":"auto","background-attachment":"scroll","background-type":"","background-media":"","overlay-type":"","overlay-color":"","overlay-opacity":"","overlay-gradient":""}},"ast-content-background-meta":{"desktop":{"background-color":"var(--ast-global-color-5)","background-image":"","background-repeat":"repeat","background-position":"center center","background-size":"auto","background-attachment":"scroll","background-type":"","background-media":"","overlay-type":"","overlay-color":"","overlay-opacity":"","overlay-gradient":""},"tablet":{"background-color":"var(--ast-global-color-5)","background-image":"","background-repeat":"repeat","background-position":"center center","background-size":"auto","background-attachment":"scroll","background-type":"","background-media":"","overlay-type":"","overlay-color":"","overlay-opacity":"","overlay-gradient":""},"mobile":{"background-color":"var(--ast-global-color-5)","background-image":"","background-repeat":"repeat","background-position":"center center","background-size":"auto","background-attachment":"scroll","background-type":"","background-media":"","overlay-type":"","overlay-color":"","overlay-opacity":"","overlay-gradient":""}}},"product_brand":[],"product_cat":[15,53,75],"product_tag":[],"class_list":{"0":"post-507","1":"product","2":"type-product","3":"status-publish","4":"has-post-thumbnail","6":"product_cat-wydawnictwa","7":"product_cat-centralny-okreg-przemyslowy-pl","8":"product_cat-stalowa-wola-pl","9":"desktop-align-left","10":"tablet-align-left","11":"mobile-align-left","12":"ast-product-gallery-layout-horizontal-slider","13":"ast-product-gallery-with-no-image","14":"ast-product-tabs-layout-horizontal","16":"first","17":"instock","18":"shipping-taxable","19":"purchasable","20":"product-type-simple"},"_links":{"self":[{"href":"https:\/\/muzeum.stalowawola.pl\/sklep\/wp-json\/wp\/v2\/product\/507","targetHints":{"allow":["GET"]}}],"collection":[{"href":"https:\/\/muzeum.stalowawola.pl\/sklep\/wp-json\/wp\/v2\/product"}],"about":[{"href":"https:\/\/muzeum.stalowawola.pl\/sklep\/wp-json\/wp\/v2\/types\/product"}],"replies":[{"embeddable":true,"href":"https:\/\/muzeum.stalowawola.pl\/sklep\/wp-json\/wp\/v2\/comments?post=507"}],"wp:featuredmedia":[{"embeddable":true,"href":"https:\/\/muzeum.stalowawola.pl\/sklep\/wp-json\/wp\/v2\/media\/709"}],"wp:attachment":[{"href":"https:\/\/muzeum.stalowawola.pl\/sklep\/wp-json\/wp\/v2\/media?parent=507"}],"wp:term":[{"taxonomy":"product_brand","embeddable":true,"href":"https:\/\/muzeum.stalowawola.pl\/sklep\/wp-json\/wp\/v2\/product_brand?post=507"},{"taxonomy":"product_cat","embeddable":true,"href":"https:\/\/muzeum.stalowawola.pl\/sklep\/wp-json\/wp\/v2\/product_cat?post=507"},{"taxonomy":"product_tag","embeddable":true,"href":"https:\/\/muzeum.stalowawola.pl\/sklep\/wp-json\/wp\/v2\/product_tag?post=507"}],"curies":[{"name":"wp","href":"https:\/\/api.w.org\/{rel}","templated":true}]}}