{"id":506,"date":"2025-01-08T11:17:11","date_gmt":"2025-01-08T10:17:11","guid":{"rendered":"https:\/\/muzeum.stalowawola.pl\/sklep\/?post_type=product&#038;p=506"},"modified":"2025-09-09T10:36:18","modified_gmt":"2025-09-09T08:36:18","slug":"obraz-swiata-ktory-przemija-inspiracje-sztuka-japonii-w-malarstwie-jana-stanislawskiego-i-jego-uczniow-anna-krol","status":"publish","type":"product","link":"https:\/\/muzeum.stalowawola.pl\/sklep\/produkt\/obraz-swiata-ktory-przemija-inspiracje-sztuka-japonii-w-malarstwie-jana-stanislawskiego-i-jego-uczniow-anna-krol\/","title":{"rendered":"Obraz \u015bwiata, kt\u00f3ry przemija. Inspiracje sztuk\u0105 Japonii w malarstwie Jana Stanis\u0142awskiego i jego uczni\u00f3w; Anna Kr\u00f3l"},"content":{"rendered":"<p>Pejza\u017ce Stanis\u0142awskiego, charakteryzuj\u0105ce si\u0119 ma\u0142ym formatem i wielk\u0105 urod\u0105, nale\u017c\u0105 do najwybitniejszych osi\u0105gni\u0119\u0107 sztuki prze\u0142omu XIX i XX wieku. Przez dziesi\u0119\u0107 lat artysta by\u0142 profesorem prowadz\u0105cym klas\u0119 pejza\u017cu w krakowskiej Akademii Sztuk Pi\u0119knych. Jego uczniowie jako pierwsi wychodzili ze sztalugami w plener. Wykszta\u0142ci\u0142 ponad 60 malarzy, z kt\u00f3rych wi\u0119kszo\u015b\u0107 po\u015bwi\u0119ci\u0142a si\u0119 malarstwu pejza\u017cowemu. Jan Stanis\u0142awski by\u0142 r\u00f3wnie\u017c barwn\u0105 i licz\u0105c\u0105 si\u0119 postaci\u0105 \u017cycia artystyczno-towarzyskiego m\u0142odopolskiego Krakowa. Za\u0142o\u017cy\u0142 Towarzystwo Artyst\u00f3w Polskich \u201eSztuka&#8221; skupiaj\u0105ce najznamienitszych polskich artyst\u00f3w; wsp\u00f3\u0142pracowa\u0142 z tygodnikiem literackim \u201e\u017bycie&#8221;, bywa\u0142 na premierach teatralnych, a\u00a0\u00a0tak\u017ce w Jamie Michalika, gdzie sta\u0142 si\u0119 admiratorem Kabaretu Zielony Balonik.<\/p>\n<p>Ze sztuk\u0105 Dalekiego Wschodu zetkn\u0105\u0142 si\u0119 podczas pobytu Pary\u017cu (1885-1895). Fascynacjom dalekowschodnim sprzyja\u0142a r\u00f3wnie\u017c atmosfera Krakowa ko\u0144ca wieku, zauroczonego japo\u0144szczyzn\u0105 w du\u017cej mierze dzi\u0119ki Feliksowi Jasie\u0144skiemu, kt\u00f3ry kolekcjonowa\u0142 sztuk\u0119 japo\u0144sk\u0105.<\/p>\n","protected":false},"excerpt":{"rendered":"<p>Pejza\u017ce Stanis\u0142awskiego, charakteryzuj\u0105ce si\u0119 ma\u0142ym formatem i wielk\u0105 urod\u0105, nale\u017c\u0105 do najwybitniejszych osi\u0105gni\u0119\u0107 sztuki prze\u0142omu XIX i XX wieku. Przez [&hellip;]<\/p>\n","protected":false},"featured_media":0,"comment_status":"closed","ping_status":"closed","template":"","meta":{"site-sidebar-layout":"default","site-content-layout":"","ast-site-content-layout":"default","site-content-style":"default","site-sidebar-style":"default","ast-global-header-display":"","ast-banner-title-visibility":"","ast-main-header-display":"","ast-hfb-above-header-display":"","ast-hfb-below-header-display":"","ast-hfb-mobile-header-display":"","site-post-title":"","ast-breadcrumbs-content":"","ast-featured-img":"","footer-sml-layout":"","ast-disable-related-posts":"","theme-transparent-header-meta":"default","adv-header-id-meta":"","stick-header-meta":"","header-above-stick-meta":"","header-main-stick-meta":"","header-below-stick-meta":"","astra-migrate-meta-layouts":"set","ast-page-background-enabled":"default","ast-page-background-meta":{"desktop":{"background-color":"var(--ast-global-color-4)","background-image":"","background-repeat":"repeat","background-position":"center center","background-size":"auto","background-attachment":"scroll","background-type":"","background-media":"","overlay-type":"","overlay-color":"","overlay-opacity":"","overlay-gradient":""},"tablet":{"background-color":"","background-image":"","background-repeat":"repeat","background-position":"center center","background-size":"auto","background-attachment":"scroll","background-type":"","background-media":"","overlay-type":"","overlay-color":"","overlay-opacity":"","overlay-gradient":""},"mobile":{"background-color":"","background-image":"","background-repeat":"repeat","background-position":"center center","background-size":"auto","background-attachment":"scroll","background-type":"","background-media":"","overlay-type":"","overlay-color":"","overlay-opacity":"","overlay-gradient":""}},"ast-content-background-meta":{"desktop":{"background-color":"var(--ast-global-color-5)","background-image":"","background-repeat":"repeat","background-position":"center center","background-size":"auto","background-attachment":"scroll","background-type":"","background-media":"","overlay-type":"","overlay-color":"","overlay-opacity":"","overlay-gradient":""},"tablet":{"background-color":"var(--ast-global-color-5)","background-image":"","background-repeat":"repeat","background-position":"center center","background-size":"auto","background-attachment":"scroll","background-type":"","background-media":"","overlay-type":"","overlay-color":"","overlay-opacity":"","overlay-gradient":""},"mobile":{"background-color":"var(--ast-global-color-5)","background-image":"","background-repeat":"repeat","background-position":"center center","background-size":"auto","background-attachment":"scroll","background-type":"","background-media":"","overlay-type":"","overlay-color":"","overlay-opacity":"","overlay-gradient":""}}},"product_brand":[],"product_cat":[15,69],"product_tag":[],"class_list":{"0":"post-506","1":"product","2":"type-product","3":"status-publish","5":"product_cat-wydawnictwa","6":"product_cat-sztuka-pl","7":"desktop-align-left","8":"tablet-align-left","9":"mobile-align-left","10":"ast-product-gallery-layout-horizontal-slider","11":"ast-product-gallery-with-no-image","12":"ast-product-tabs-layout-horizontal","14":"first","15":"instock","16":"shipping-taxable","17":"purchasable","18":"product-type-simple"},"_links":{"self":[{"href":"https:\/\/muzeum.stalowawola.pl\/sklep\/wp-json\/wp\/v2\/product\/506","targetHints":{"allow":["GET"]}}],"collection":[{"href":"https:\/\/muzeum.stalowawola.pl\/sklep\/wp-json\/wp\/v2\/product"}],"about":[{"href":"https:\/\/muzeum.stalowawola.pl\/sklep\/wp-json\/wp\/v2\/types\/product"}],"replies":[{"embeddable":true,"href":"https:\/\/muzeum.stalowawola.pl\/sklep\/wp-json\/wp\/v2\/comments?post=506"}],"wp:attachment":[{"href":"https:\/\/muzeum.stalowawola.pl\/sklep\/wp-json\/wp\/v2\/media?parent=506"}],"wp:term":[{"taxonomy":"product_brand","embeddable":true,"href":"https:\/\/muzeum.stalowawola.pl\/sklep\/wp-json\/wp\/v2\/product_brand?post=506"},{"taxonomy":"product_cat","embeddable":true,"href":"https:\/\/muzeum.stalowawola.pl\/sklep\/wp-json\/wp\/v2\/product_cat?post=506"},{"taxonomy":"product_tag","embeddable":true,"href":"https:\/\/muzeum.stalowawola.pl\/sklep\/wp-json\/wp\/v2\/product_tag?post=506"}],"curies":[{"name":"wp","href":"https:\/\/api.w.org\/{rel}","templated":true}]}}