{"id":505,"date":"2025-01-08T11:14:30","date_gmt":"2025-01-08T10:14:30","guid":{"rendered":"https:\/\/muzeum.stalowawola.pl\/sklep\/?post_type=product&#038;p=505"},"modified":"2026-02-09T08:10:19","modified_gmt":"2026-02-09T07:10:19","slug":"nekropolie-wielkiej-wojny-nad-wisla-i-sanem","status":"publish","type":"product","link":"https:\/\/muzeum.stalowawola.pl\/sklep\/produkt\/nekropolie-wielkiej-wojny-nad-wisla-i-sanem\/","title":{"rendered":"Nekropolie Wielkiej Wojny nad Wis\u0142\u0105 i Sanem"},"content":{"rendered":"<div>Praca zbiorowa pod redakcj\u0105 Anety Garanty i p\u0142k. SG Tomasza Nowakowskiego sk\u0142ada si\u0119 z o\u015bmiu obszernych artyku\u0142\u00f3w po\u015bwi\u0119conych m.in. wydarzeniom, jakie doprowadzi\u0142y do powstania w naszym regionie licznych cmentarzy, om\u00f3wiono dzieje powstania, rozwoju (i zaniku niekt\u00f3rych) 22 cmentarzy wojennych, jakie cesarska i kr\u00f3lewska Inspekcja Grob\u00f3w Wojennych z Przemy\u015bla za\u0142o\u017cy\u0142a w latach 1914\u201318 na terenie \u00f3wczesnego powiatu tarnobrzeskiego. Przedstawiono w niej wyniki bada\u0144 ich dalszych dziej\u00f3w na przestrzeni 100 lat istnienia oraz rozw\u00f3j instytucjonalnej opieki nad cmentarzami wojennymi w II Rzeczypospolitej. Znalaz\u0142o si\u0119 tam om\u00f3wienie zbior\u00f3w zwi\u0105zanych z Wielk\u0105 Wojn\u0105 1914\u201318 znajduj\u0105cych si\u0119 w Muzeum Regionalnym oraz pr\u00f3by zarysowania zagadnie\u0144 zwi\u0105zanych z tzw. sztuk\u0105 sepulkraln\u0105.<\/div>\n<div><\/div>\n<div>Czytelnik znajdzie r\u00f3wnie\u017c om\u00f3wienie prac prowadzonych przez archeolog\u00f3w zwi\u0105zanych z Uniwersytetem Rzeszowskim na cmentarzach pierwszowojennych w Zdziarach, K\u0142y\u017cowie i Domostawie. Ze wzgl\u0119d\u00f3w dokumentacyjnych bardzo wa\u017cna jest cz\u0119\u015b\u0107 pracy obejmuj\u0105ca 80 stron tabelarycznych wykaz\u00f3w poleg\u0142ych \u017co\u0142nierzy armii austro-w\u0119gierskiej i rosyjskiej pochowanych na cmentarzach powiatu tarnobrzeskiego.<\/div>\n<div><\/div>\n<div>Ksi\u0105\u017cka jest bogato ilustrowana fotografiami archiwalnymi i wsp\u00f3\u0142czesnymi, zawiera tak\u017ce plany, mapy i szkice.<\/div>\n<div><\/div>\n","protected":false},"excerpt":{"rendered":"<p>Praca zbiorowa pod redakcj\u0105 Anety Garanty i p\u0142k. SG Tomasza Nowakowskiego sk\u0142ada si\u0119 z o\u015bmiu obszernych artyku\u0142\u00f3w po\u015bwi\u0119conych m.in. wydarzeniom, [&hellip;]<\/p>\n","protected":false},"featured_media":645,"comment_status":"closed","ping_status":"closed","template":"","meta":{"site-sidebar-layout":"default","site-content-layout":"","ast-site-content-layout":"default","site-content-style":"default","site-sidebar-style":"default","ast-global-header-display":"","ast-banner-title-visibility":"","ast-main-header-display":"","ast-hfb-above-header-display":"","ast-hfb-below-header-display":"","ast-hfb-mobile-header-display":"","site-post-title":"","ast-breadcrumbs-content":"","ast-featured-img":"","footer-sml-layout":"","ast-disable-related-posts":"","theme-transparent-header-meta":"default","adv-header-id-meta":"","stick-header-meta":"","header-above-stick-meta":"","header-main-stick-meta":"","header-below-stick-meta":"","astra-migrate-meta-layouts":"set","ast-page-background-enabled":"default","ast-page-background-meta":{"desktop":{"background-color":"var(--ast-global-color-4)","background-image":"","background-repeat":"repeat","background-position":"center center","background-size":"auto","background-attachment":"scroll","background-type":"","background-media":"","overlay-type":"","overlay-color":"","overlay-opacity":"","overlay-gradient":""},"tablet":{"background-color":"","background-image":"","background-repeat":"repeat","background-position":"center center","background-size":"auto","background-attachment":"scroll","background-type":"","background-media":"","overlay-type":"","overlay-color":"","overlay-opacity":"","overlay-gradient":""},"mobile":{"background-color":"","background-image":"","background-repeat":"repeat","background-position":"center center","background-size":"auto","background-attachment":"scroll","background-type":"","background-media":"","overlay-type":"","overlay-color":"","overlay-opacity":"","overlay-gradient":""}},"ast-content-background-meta":{"desktop":{"background-color":"var(--ast-global-color-5)","background-image":"","background-repeat":"repeat","background-position":"center center","background-size":"auto","background-attachment":"scroll","background-type":"","background-media":"","overlay-type":"","overlay-color":"","overlay-opacity":"","overlay-gradient":""},"tablet":{"background-color":"var(--ast-global-color-5)","background-image":"","background-repeat":"repeat","background-position":"center center","background-size":"auto","background-attachment":"scroll","background-type":"","background-media":"","overlay-type":"","overlay-color":"","overlay-opacity":"","overlay-gradient":""},"mobile":{"background-color":"var(--ast-global-color-5)","background-image":"","background-repeat":"repeat","background-position":"center center","background-size":"auto","background-attachment":"scroll","background-type":"","background-media":"","overlay-type":"","overlay-color":"","overlay-opacity":"","overlay-gradient":""}}},"product_brand":[],"product_cat":[15,77],"product_tag":[],"class_list":{"0":"post-505","1":"product","2":"type-product","3":"status-publish","4":"has-post-thumbnail","6":"product_cat-wydawnictwa","7":"product_cat-historia-pl","8":"desktop-align-left","9":"tablet-align-left","10":"mobile-align-left","11":"ast-product-gallery-layout-horizontal-slider","12":"ast-product-gallery-with-no-image","13":"ast-product-tabs-layout-horizontal","15":"first","16":"instock","17":"shipping-taxable","18":"purchasable","19":"product-type-simple"},"_links":{"self":[{"href":"https:\/\/muzeum.stalowawola.pl\/sklep\/wp-json\/wp\/v2\/product\/505","targetHints":{"allow":["GET"]}}],"collection":[{"href":"https:\/\/muzeum.stalowawola.pl\/sklep\/wp-json\/wp\/v2\/product"}],"about":[{"href":"https:\/\/muzeum.stalowawola.pl\/sklep\/wp-json\/wp\/v2\/types\/product"}],"replies":[{"embeddable":true,"href":"https:\/\/muzeum.stalowawola.pl\/sklep\/wp-json\/wp\/v2\/comments?post=505"}],"wp:featuredmedia":[{"embeddable":true,"href":"https:\/\/muzeum.stalowawola.pl\/sklep\/wp-json\/wp\/v2\/media\/645"}],"wp:attachment":[{"href":"https:\/\/muzeum.stalowawola.pl\/sklep\/wp-json\/wp\/v2\/media?parent=505"}],"wp:term":[{"taxonomy":"product_brand","embeddable":true,"href":"https:\/\/muzeum.stalowawola.pl\/sklep\/wp-json\/wp\/v2\/product_brand?post=505"},{"taxonomy":"product_cat","embeddable":true,"href":"https:\/\/muzeum.stalowawola.pl\/sklep\/wp-json\/wp\/v2\/product_cat?post=505"},{"taxonomy":"product_tag","embeddable":true,"href":"https:\/\/muzeum.stalowawola.pl\/sklep\/wp-json\/wp\/v2\/product_tag?post=505"}],"curies":[{"name":"wp","href":"https:\/\/api.w.org\/{rel}","templated":true}]}}